{"id":10946,"date":"2026-02-12T22:00:16","date_gmt":"2026-02-12T22:00:16","guid":{"rendered":"https:\/\/ferruzca.amarilio.net\/product\/no-de-parte-78-1b-1-230-2403\/"},"modified":"2026-04-08T22:49:31","modified_gmt":"2026-04-08T22:49:31","slug":"no-de-parte-78-1b-1-230-2403","status":"publish","type":"product","link":"https:\/\/ferruzca.amarilio.net\/en\/product\/no-de-parte-78-1b-1-230-2403\/","title":{"rendered":"NO. DE PARTE 78.1B.1.230.2403"},"content":{"rendered":"<p>Fuente de alimentaci\u00f3n conmutada industrial con salida de 24 V DC, 110 W, equipada con sistema el\u00e9ctrico con separaci\u00f3n segura (SELV seg\u00fan EN 60950) Alta eficiencia de hasta el 93%, consumo < 1 W en stand-by. Modo de protecci\u00f3n contra cortocircuitos: Hiccup (restablecimiento autom\u00e1tico), protecci\u00f3n contra sobretensi\u00f3n por varistor.\n<\/p>","protected":false},"excerpt":{"rendered":"<p>Fte alimentaci\u00f3n (120..240VAC) @ 24-28VDC; 4.5A<\/p>","protected":false},"featured_media":6737,"comment_status":"open","ping_status":"closed","template":"","meta":[],"product_brand":[171],"product_cat":[357],"product_tag":[436],"class_list":{"0":"post-10946","1":"product","2":"type-product","3":"status-publish","4":"has-post-thumbnail","6":"product_brand-finder","7":"product_cat-fuente-de-alimentacion-riel-din","8":"product_tag-fuente-de-alimentacion","10":"first","11":"instock","12":"sale","13":"shipping-taxable","14":"purchasable","15":"product-type-simple"},"_links":{"self":[{"href":"https:\/\/ferruzca.amarilio.net\/en\/wp-json\/wp\/v2\/product\/10946","targetHints":{"allow":["GET"]}}],"collection":[{"href":"https:\/\/ferruzca.amarilio.net\/en\/wp-json\/wp\/v2\/product"}],"about":[{"href":"https:\/\/ferruzca.amarilio.net\/en\/wp-json\/wp\/v2\/types\/product"}],"replies":[{"embeddable":true,"href":"https:\/\/ferruzca.amarilio.net\/en\/wp-json\/wp\/v2\/comments?post=10946"}],"wp:featuredmedia":[{"embeddable":true,"href":"https:\/\/ferruzca.amarilio.net\/en\/wp-json\/wp\/v2\/media\/6737"}],"wp:attachment":[{"href":"https:\/\/ferruzca.amarilio.net\/en\/wp-json\/wp\/v2\/media?parent=10946"}],"wp:term":[{"taxonomy":"product_brand","embeddable":true,"href":"https:\/\/ferruzca.amarilio.net\/en\/wp-json\/wp\/v2\/product_brand?post=10946"},{"taxonomy":"product_cat","embeddable":true,"href":"https:\/\/ferruzca.amarilio.net\/en\/wp-json\/wp\/v2\/product_cat?post=10946"},{"taxonomy":"product_tag","embeddable":true,"href":"https:\/\/ferruzca.amarilio.net\/en\/wp-json\/wp\/v2\/product_tag?post=10946"}],"curies":[{"name":"wp","href":"https:\/\/api.w.org\/{rel}","templated":true}]}}