{"id":10945,"date":"2026-02-12T22:00:16","date_gmt":"2026-02-12T22:00:16","guid":{"rendered":"https:\/\/ferruzca.amarilio.net\/product\/no-de-parte-77-a1-8-230-8250\/"},"modified":"2026-04-08T22:49:31","modified_gmt":"2026-04-08T22:49:31","slug":"no-de-parte-77-a1-8-230-8250","status":"publish","type":"product","link":"https:\/\/ferruzca.amarilio.net\/en\/product\/no-de-parte-77-a1-8-230-8250\/","title":{"rendered":"NO. DE PARTE 77.A1.8.230.8250"},"content":{"rendered":"<p>Rel\u00e9 de estado s\u00f3lido para panel Tipo 77.A1. Conmutaci\u00f3n Zero-crossing, Salida: 25 A. Aplicaciones sugeridas: &#8211; control de resistencias, luminarias, solenoides, bobinas de contactores<\/p>","protected":false},"excerpt":{"rendered":"<p>Rel\u00e9 SSR (90..280V AC) 1NA @ 24..280V AC 25 A<\/p>","protected":false},"featured_media":6733,"comment_status":"open","ping_status":"closed","template":"","meta":[],"product_brand":[171],"product_cat":[355],"product_tag":[435],"class_list":{"0":"post-10945","1":"product","2":"type-product","3":"status-publish","4":"has-post-thumbnail","6":"product_brand-finder","7":"product_cat-relevadores","8":"product_tag-relevador-de-estado-solido","10":"first","11":"instock","12":"sale","13":"shipping-taxable","14":"purchasable","15":"product-type-simple"},"_links":{"self":[{"href":"https:\/\/ferruzca.amarilio.net\/en\/wp-json\/wp\/v2\/product\/10945","targetHints":{"allow":["GET"]}}],"collection":[{"href":"https:\/\/ferruzca.amarilio.net\/en\/wp-json\/wp\/v2\/product"}],"about":[{"href":"https:\/\/ferruzca.amarilio.net\/en\/wp-json\/wp\/v2\/types\/product"}],"replies":[{"embeddable":true,"href":"https:\/\/ferruzca.amarilio.net\/en\/wp-json\/wp\/v2\/comments?post=10945"}],"wp:featuredmedia":[{"embeddable":true,"href":"https:\/\/ferruzca.amarilio.net\/en\/wp-json\/wp\/v2\/media\/6733"}],"wp:attachment":[{"href":"https:\/\/ferruzca.amarilio.net\/en\/wp-json\/wp\/v2\/media?parent=10945"}],"wp:term":[{"taxonomy":"product_brand","embeddable":true,"href":"https:\/\/ferruzca.amarilio.net\/en\/wp-json\/wp\/v2\/product_brand?post=10945"},{"taxonomy":"product_cat","embeddable":true,"href":"https:\/\/ferruzca.amarilio.net\/en\/wp-json\/wp\/v2\/product_cat?post=10945"},{"taxonomy":"product_tag","embeddable":true,"href":"https:\/\/ferruzca.amarilio.net\/en\/wp-json\/wp\/v2\/product_tag?post=10945"}],"curies":[{"name":"wp","href":"https:\/\/api.w.org\/{rel}","templated":true}]}}