{"id":10936,"date":"2026-02-12T22:00:10","date_gmt":"2026-02-12T22:00:10","guid":{"rendered":"https:\/\/ferruzca.amarilio.net\/product\/no-de-parte-48-52-7-024-0050spa\/"},"modified":"2026-04-08T22:49:26","modified_gmt":"2026-04-08T22:49:26","slug":"no-de-parte-48-52-7-024-0050spa","status":"publish","type":"product","link":"https:\/\/ferruzca.amarilio.net\/en\/product\/no-de-parte-48-52-7-024-0050spa\/","title":{"rendered":"NO. DE PARTE 48.52.7.024.0050SPA"},"content":{"rendered":"<p>Interfaz modular de rel\u00e9 ideal para la interfaz con sistemas PLC. 2 contactos conmutados de 8 A. Equipado con bobina sensible de CA o CC, placa identificativa y contactos libres de cadmio. Se suministra con m\u00f3dulo de presencia de tensi\u00f3n y protecci\u00f3n de bobina. Terminales de tornillo.<\/p>","protected":false},"excerpt":{"rendered":"<p>Int. Modular con rel\u00e9 (24VDC) 2CC 8A<\/p>","protected":false},"featured_media":6818,"comment_status":"open","ping_status":"closed","template":"","meta":[],"product_brand":[171],"product_cat":[355],"product_tag":[421],"class_list":{"0":"post-10936","1":"product","2":"type-product","3":"status-publish","4":"has-post-thumbnail","6":"product_brand-finder","7":"product_cat-relevadores","8":"product_tag-interfaz-modular","10":"first","11":"instock","12":"sale","13":"shipping-taxable","14":"purchasable","15":"product-type-simple"},"_links":{"self":[{"href":"https:\/\/ferruzca.amarilio.net\/en\/wp-json\/wp\/v2\/product\/10936","targetHints":{"allow":["GET"]}}],"collection":[{"href":"https:\/\/ferruzca.amarilio.net\/en\/wp-json\/wp\/v2\/product"}],"about":[{"href":"https:\/\/ferruzca.amarilio.net\/en\/wp-json\/wp\/v2\/types\/product"}],"replies":[{"embeddable":true,"href":"https:\/\/ferruzca.amarilio.net\/en\/wp-json\/wp\/v2\/comments?post=10936"}],"wp:featuredmedia":[{"embeddable":true,"href":"https:\/\/ferruzca.amarilio.net\/en\/wp-json\/wp\/v2\/media\/6818"}],"wp:attachment":[{"href":"https:\/\/ferruzca.amarilio.net\/en\/wp-json\/wp\/v2\/media?parent=10936"}],"wp:term":[{"taxonomy":"product_brand","embeddable":true,"href":"https:\/\/ferruzca.amarilio.net\/en\/wp-json\/wp\/v2\/product_brand?post=10936"},{"taxonomy":"product_cat","embeddable":true,"href":"https:\/\/ferruzca.amarilio.net\/en\/wp-json\/wp\/v2\/product_cat?post=10936"},{"taxonomy":"product_tag","embeddable":true,"href":"https:\/\/ferruzca.amarilio.net\/en\/wp-json\/wp\/v2\/product_tag?post=10936"}],"curies":[{"name":"wp","href":"https:\/\/api.w.org\/{rel}","templated":true}]}}