{"id":10932,"date":"2026-02-12T22:00:05","date_gmt":"2026-02-12T22:00:05","guid":{"rendered":"https:\/\/ferruzca.amarilio.net\/product\/no-de-parte-18-a1-8-230-0000\/"},"modified":"2026-04-08T22:49:22","modified_gmt":"2026-04-08T22:49:22","slug":"no-de-parte-18-a1-8-230-0000","status":"publish","type":"product","link":"https:\/\/ferruzca.amarilio.net\/en\/product\/no-de-parte-18-a1-8-230-0000\/","title":{"rendered":"NO. DE PARTE 18.A1.8.230.0000"},"content":{"rendered":"<p>Detector de movimiento para exterior, Grado de protecci\u00f3n IP 55. Dispositivo vers\u00e1til y adecuado para cualquier tipo de entorno. Dispone de un ajuste de intervenci\u00f3n crepuscular: 5 &#8230; 1000 lux, Ajuste de tiempo de apagado: 10 segundos &#8230; 20 minutos, alimentaci\u00f3n 110 &#8230; 230 V AC (50\/60Hz), 1 Contacto NA 10 a 230 V AC, terminales Push-In<\/p>","protected":false},"excerpt":{"rendered":"<p>Detector de Mov. 110&#8230;230V AC 1NA 10A IP55<\/p>","protected":false},"featured_media":6731,"comment_status":"open","ping_status":"closed","template":"","meta":[],"product_brand":[171],"product_cat":[419],"product_tag":[420],"class_list":{"0":"post-10932","1":"product","2":"type-product","3":"status-publish","4":"has-post-thumbnail","6":"product_brand-finder","7":"product_cat-domotica","8":"product_tag-detector-de-movimiento","10":"first","11":"instock","12":"sale","13":"shipping-taxable","14":"purchasable","15":"product-type-simple"},"_links":{"self":[{"href":"https:\/\/ferruzca.amarilio.net\/en\/wp-json\/wp\/v2\/product\/10932","targetHints":{"allow":["GET"]}}],"collection":[{"href":"https:\/\/ferruzca.amarilio.net\/en\/wp-json\/wp\/v2\/product"}],"about":[{"href":"https:\/\/ferruzca.amarilio.net\/en\/wp-json\/wp\/v2\/types\/product"}],"replies":[{"embeddable":true,"href":"https:\/\/ferruzca.amarilio.net\/en\/wp-json\/wp\/v2\/comments?post=10932"}],"wp:featuredmedia":[{"embeddable":true,"href":"https:\/\/ferruzca.amarilio.net\/en\/wp-json\/wp\/v2\/media\/6731"}],"wp:attachment":[{"href":"https:\/\/ferruzca.amarilio.net\/en\/wp-json\/wp\/v2\/media?parent=10932"}],"wp:term":[{"taxonomy":"product_brand","embeddable":true,"href":"https:\/\/ferruzca.amarilio.net\/en\/wp-json\/wp\/v2\/product_brand?post=10932"},{"taxonomy":"product_cat","embeddable":true,"href":"https:\/\/ferruzca.amarilio.net\/en\/wp-json\/wp\/v2\/product_cat?post=10932"},{"taxonomy":"product_tag","embeddable":true,"href":"https:\/\/ferruzca.amarilio.net\/en\/wp-json\/wp\/v2\/product_tag?post=10932"}],"curies":[{"name":"wp","href":"https:\/\/api.w.org\/{rel}","templated":true}]}}