{"id":10930,"date":"2026-02-12T22:00:04","date_gmt":"2026-02-12T22:00:04","guid":{"rendered":"https:\/\/ferruzca.amarilio.net\/product\/no-de-parte-13-22-8-230-b000\/"},"modified":"2026-04-08T22:49:22","modified_gmt":"2026-04-08T22:49:22","slug":"no-de-parte-13-22-8-230-b000","status":"publish","type":"product","link":"https:\/\/ferruzca.amarilio.net\/en\/product\/no-de-parte-13-22-8-230-b000\/","title":{"rendered":"NO. DE PARTE 13.22.8.230.B000"},"content":{"rendered":"<p>Rel\u00e9 multifunci\u00f3n electr\u00f3nico con Bluetooth , dispone de 2 canales independientes, para el sistema YESLY. La instalaci\u00f3n permite el control de luces y ventiladores. Equipado con protocolo de transmisi\u00f3n Bluetooth de baja energ\u00eda (BLE). Con una conexi\u00f3n encriptada de 128 bits. Dispositivo programmable a trav\u00e9s de la aplicaci\u00f3n Finder You compatible con sistemas operativos iOS y Android.<\/p>","protected":false},"excerpt":{"rendered":"<p> Rel\u00e9 multifunci\u00f3n YESLY Bluetooth 2NA 6A<\/p>","protected":false},"featured_media":6761,"comment_status":"open","ping_status":"closed","template":"","meta":[],"product_brand":[171],"product_cat":[355],"product_tag":[417],"class_list":{"0":"post-10930","1":"product","2":"type-product","3":"status-publish","4":"has-post-thumbnail","6":"product_brand-finder","7":"product_cat-relevadores","8":"product_tag-relevador-electronico","10":"first","11":"instock","12":"sale","13":"shipping-taxable","14":"purchasable","15":"product-type-simple"},"_links":{"self":[{"href":"https:\/\/ferruzca.amarilio.net\/en\/wp-json\/wp\/v2\/product\/10930","targetHints":{"allow":["GET"]}}],"collection":[{"href":"https:\/\/ferruzca.amarilio.net\/en\/wp-json\/wp\/v2\/product"}],"about":[{"href":"https:\/\/ferruzca.amarilio.net\/en\/wp-json\/wp\/v2\/types\/product"}],"replies":[{"embeddable":true,"href":"https:\/\/ferruzca.amarilio.net\/en\/wp-json\/wp\/v2\/comments?post=10930"}],"wp:featuredmedia":[{"embeddable":true,"href":"https:\/\/ferruzca.amarilio.net\/en\/wp-json\/wp\/v2\/media\/6761"}],"wp:attachment":[{"href":"https:\/\/ferruzca.amarilio.net\/en\/wp-json\/wp\/v2\/media?parent=10930"}],"wp:term":[{"taxonomy":"product_brand","embeddable":true,"href":"https:\/\/ferruzca.amarilio.net\/en\/wp-json\/wp\/v2\/product_brand?post=10930"},{"taxonomy":"product_cat","embeddable":true,"href":"https:\/\/ferruzca.amarilio.net\/en\/wp-json\/wp\/v2\/product_cat?post=10930"},{"taxonomy":"product_tag","embeddable":true,"href":"https:\/\/ferruzca.amarilio.net\/en\/wp-json\/wp\/v2\/product_tag?post=10930"}],"curies":[{"name":"wp","href":"https:\/\/api.w.org\/{rel}","templated":true}]}}