{"id":10929,"date":"2026-02-12T22:00:03","date_gmt":"2026-02-12T22:00:03","guid":{"rendered":"https:\/\/ferruzca.amarilio.net\/product\/no-de-parte-097-01\/"},"modified":"2026-04-08T22:49:22","modified_gmt":"2026-04-08T22:49:22","slug":"no-de-parte-097-01","status":"publish","type":"product","link":"https:\/\/ferruzca.amarilio.net\/en\/product\/no-de-parte-097-01\/","title":{"rendered":"NO. DE PARTE 097.01"},"content":{"rendered":"<p>Z\u00f3calo con bornes de jaula, color azul, para rel\u00e9s Tipo 46.61. Adecuado para montaje en panel o en carril de 35 mm (EN 60715). Disponible en versi\u00f3n negra con c\u00f3digo 97.01.0.<\/p>","protected":false},"excerpt":{"rendered":"<p>Palanca de retenci\u00f3n Serie [97.P2, 97.01, 97.51]<\/p>\n","protected":false},"featured_media":6753,"comment_status":"open","ping_status":"closed","template":"","meta":[],"product_brand":[171],"product_cat":[355],"product_tag":[413,414],"class_list":{"0":"post-10929","1":"product","2":"type-product","3":"status-publish","4":"has-post-thumbnail","6":"product_brand-finder","7":"product_cat-relevadores","8":"product_tag-accesorio","9":"product_tag-clip-relevador","11":"first","12":"instock","13":"sale","14":"shipping-taxable","15":"purchasable","16":"product-type-simple"},"_links":{"self":[{"href":"https:\/\/ferruzca.amarilio.net\/en\/wp-json\/wp\/v2\/product\/10929","targetHints":{"allow":["GET"]}}],"collection":[{"href":"https:\/\/ferruzca.amarilio.net\/en\/wp-json\/wp\/v2\/product"}],"about":[{"href":"https:\/\/ferruzca.amarilio.net\/en\/wp-json\/wp\/v2\/types\/product"}],"replies":[{"embeddable":true,"href":"https:\/\/ferruzca.amarilio.net\/en\/wp-json\/wp\/v2\/comments?post=10929"}],"wp:featuredmedia":[{"embeddable":true,"href":"https:\/\/ferruzca.amarilio.net\/en\/wp-json\/wp\/v2\/media\/6753"}],"wp:attachment":[{"href":"https:\/\/ferruzca.amarilio.net\/en\/wp-json\/wp\/v2\/media?parent=10929"}],"wp:term":[{"taxonomy":"product_brand","embeddable":true,"href":"https:\/\/ferruzca.amarilio.net\/en\/wp-json\/wp\/v2\/product_brand?post=10929"},{"taxonomy":"product_cat","embeddable":true,"href":"https:\/\/ferruzca.amarilio.net\/en\/wp-json\/wp\/v2\/product_cat?post=10929"},{"taxonomy":"product_tag","embeddable":true,"href":"https:\/\/ferruzca.amarilio.net\/en\/wp-json\/wp\/v2\/product_tag?post=10929"}],"curies":[{"name":"wp","href":"https:\/\/api.w.org\/{rel}","templated":true}]}}