{"id":10925,"date":"2026-02-12T22:00:02","date_gmt":"2026-02-12T22:00:02","guid":{"rendered":"https:\/\/ferruzca.amarilio.net\/product\/7f-25\/"},"modified":"2026-04-08T22:49:21","modified_gmt":"2026-04-08T22:49:21","slug":"7f-25","status":"publish","type":"product","link":"https:\/\/ferruzca.amarilio.net\/en\/product\/7f-25\/","title":{"rendered":"7F.25"},"content":{"rendered":"<p>La serie 7F Finder consta de ventiladores con filtro para armarios y cuadros el\u00e9ctricos y se distinguen por ruido extremadamente bajo, filtro interno f\u00e1cilmente reemplazable, dimensiones externas m\u00ednimas.<\/p>","protected":false},"excerpt":{"rendered":"<p>Filtros de recambio tama\u00f1o 2<\/p>","protected":false},"featured_media":6718,"comment_status":"open","ping_status":"closed","template":"","meta":[],"product_brand":[171],"product_cat":[352],"product_tag":[409],"class_list":{"0":"post-10925","1":"product","2":"type-product","3":"status-publish","4":"has-post-thumbnail","6":"product_brand-finder","7":"product_cat-ventiladores","8":"product_tag-filtro-ventilador","10":"first","11":"instock","12":"sale","13":"shipping-taxable","14":"purchasable","15":"product-type-simple"},"_links":{"self":[{"href":"https:\/\/ferruzca.amarilio.net\/en\/wp-json\/wp\/v2\/product\/10925","targetHints":{"allow":["GET"]}}],"collection":[{"href":"https:\/\/ferruzca.amarilio.net\/en\/wp-json\/wp\/v2\/product"}],"about":[{"href":"https:\/\/ferruzca.amarilio.net\/en\/wp-json\/wp\/v2\/types\/product"}],"replies":[{"embeddable":true,"href":"https:\/\/ferruzca.amarilio.net\/en\/wp-json\/wp\/v2\/comments?post=10925"}],"wp:featuredmedia":[{"embeddable":true,"href":"https:\/\/ferruzca.amarilio.net\/en\/wp-json\/wp\/v2\/media\/6718"}],"wp:attachment":[{"href":"https:\/\/ferruzca.amarilio.net\/en\/wp-json\/wp\/v2\/media?parent=10925"}],"wp:term":[{"taxonomy":"product_brand","embeddable":true,"href":"https:\/\/ferruzca.amarilio.net\/en\/wp-json\/wp\/v2\/product_brand?post=10925"},{"taxonomy":"product_cat","embeddable":true,"href":"https:\/\/ferruzca.amarilio.net\/en\/wp-json\/wp\/v2\/product_cat?post=10925"},{"taxonomy":"product_tag","embeddable":true,"href":"https:\/\/ferruzca.amarilio.net\/en\/wp-json\/wp\/v2\/product_tag?post=10925"}],"curies":[{"name":"wp","href":"https:\/\/api.w.org\/{rel}","templated":true}]}}