{"id":10904,"date":"2026-02-12T21:59:55","date_gmt":"2026-02-12T21:59:55","guid":{"rendered":"https:\/\/ferruzca.amarilio.net\/product\/trm15\/"},"modified":"2026-04-08T22:49:21","modified_gmt":"2026-04-08T22:49:21","slug":"trm15","status":"publish","type":"product","link":"https:\/\/ferruzca.amarilio.net\/en\/product\/trm15\/","title":{"rendered":"TRM15"},"content":{"rendered":"<p>Los fusibles miniatura con retardo Tri-Onic\u00ae TRM tienen una clasificaci\u00f3n de 250 voltios de CA y se ofrecen en rangos de amperaje de 1\/10 a 30 A. Tienen un retardo de 12 segundos al 200 % de la clasificaci\u00f3n para brindar protecci\u00f3n adicional a motores peque\u00f1os, transformadores peque\u00f1os y otras cargas de entrada altas, adem\u00e1s de muchas otras aplicaciones de 250 voltios. (No aptos para protecci\u00f3n de circuitos derivados).<\/p>","protected":false},"excerpt":{"rendered":"<p>FUSIBLE  DE ACCION LENTA 15A 250V<\/p>","protected":false},"featured_media":7383,"comment_status":"open","ping_status":"closed","template":"","meta":[],"product_brand":[127],"product_cat":[366],"product_tag":[407],"class_list":{"0":"post-10904","1":"product","2":"type-product","3":"status-publish","4":"has-post-thumbnail","6":"product_brand-mersen","7":"product_cat-fusibles","8":"product_tag-fusible-de-accion-lenta","10":"first","11":"instock","12":"sale","13":"shipping-taxable","14":"purchasable","15":"product-type-simple"},"_links":{"self":[{"href":"https:\/\/ferruzca.amarilio.net\/en\/wp-json\/wp\/v2\/product\/10904","targetHints":{"allow":["GET"]}}],"collection":[{"href":"https:\/\/ferruzca.amarilio.net\/en\/wp-json\/wp\/v2\/product"}],"about":[{"href":"https:\/\/ferruzca.amarilio.net\/en\/wp-json\/wp\/v2\/types\/product"}],"replies":[{"embeddable":true,"href":"https:\/\/ferruzca.amarilio.net\/en\/wp-json\/wp\/v2\/comments?post=10904"}],"wp:featuredmedia":[{"embeddable":true,"href":"https:\/\/ferruzca.amarilio.net\/en\/wp-json\/wp\/v2\/media\/7383"}],"wp:attachment":[{"href":"https:\/\/ferruzca.amarilio.net\/en\/wp-json\/wp\/v2\/media?parent=10904"}],"wp:term":[{"taxonomy":"product_brand","embeddable":true,"href":"https:\/\/ferruzca.amarilio.net\/en\/wp-json\/wp\/v2\/product_brand?post=10904"},{"taxonomy":"product_cat","embeddable":true,"href":"https:\/\/ferruzca.amarilio.net\/en\/wp-json\/wp\/v2\/product_cat?post=10904"},{"taxonomy":"product_tag","embeddable":true,"href":"https:\/\/ferruzca.amarilio.net\/en\/wp-json\/wp\/v2\/product_tag?post=10904"}],"curies":[{"name":"wp","href":"https:\/\/api.w.org\/{rel}","templated":true}]}}