{"id":10890,"date":"2026-02-12T21:59:51","date_gmt":"2026-02-12T21:59:51","guid":{"rendered":"https:\/\/ferruzca.amarilio.net\/product\/atq3-1-2\/"},"modified":"2026-04-08T22:49:38","modified_gmt":"2026-04-08T22:49:38","slug":"atq3-1-2","status":"publish","type":"product","link":"https:\/\/ferruzca.amarilio.net\/en\/product\/atq3-1-2\/","title":{"rendered":"ATQ3-1\/2"},"content":{"rendered":"<p>Los fusibles retardadores de tiempo Amp-Trap ATQ tienen una clasificaci\u00f3n de 500 V CA. Son una excelente opci\u00f3n para la protecci\u00f3n complementaria de circuitos donde la corriente de cortocircuito disponible no supera los 10 000 A. (No aptos para protecci\u00f3n de circuitos derivados).<\/p>","protected":false},"excerpt":{"rendered":"<p>FUSIBLE ACCION LENTA 3-1\/2A 500V<\/p>","protected":false},"featured_media":7288,"comment_status":"open","ping_status":"closed","template":"","meta":[],"product_brand":[127],"product_cat":[366],"product_tag":[405],"class_list":{"0":"post-10890","1":"product","2":"type-product","3":"status-publish","4":"has-post-thumbnail","6":"product_brand-mersen","7":"product_cat-fusibles","8":"product_tag-fusible-de-retardo","10":"first","11":"instock","12":"sale","13":"shipping-taxable","14":"purchasable","15":"product-type-simple"},"_links":{"self":[{"href":"https:\/\/ferruzca.amarilio.net\/en\/wp-json\/wp\/v2\/product\/10890","targetHints":{"allow":["GET"]}}],"collection":[{"href":"https:\/\/ferruzca.amarilio.net\/en\/wp-json\/wp\/v2\/product"}],"about":[{"href":"https:\/\/ferruzca.amarilio.net\/en\/wp-json\/wp\/v2\/types\/product"}],"replies":[{"embeddable":true,"href":"https:\/\/ferruzca.amarilio.net\/en\/wp-json\/wp\/v2\/comments?post=10890"}],"wp:featuredmedia":[{"embeddable":true,"href":"https:\/\/ferruzca.amarilio.net\/en\/wp-json\/wp\/v2\/media\/7288"}],"wp:attachment":[{"href":"https:\/\/ferruzca.amarilio.net\/en\/wp-json\/wp\/v2\/media?parent=10890"}],"wp:term":[{"taxonomy":"product_brand","embeddable":true,"href":"https:\/\/ferruzca.amarilio.net\/en\/wp-json\/wp\/v2\/product_brand?post=10890"},{"taxonomy":"product_cat","embeddable":true,"href":"https:\/\/ferruzca.amarilio.net\/en\/wp-json\/wp\/v2\/product_cat?post=10890"},{"taxonomy":"product_tag","embeddable":true,"href":"https:\/\/ferruzca.amarilio.net\/en\/wp-json\/wp\/v2\/product_tag?post=10890"}],"curies":[{"name":"wp","href":"https:\/\/api.w.org\/{rel}","templated":true}]}}