{"id":10818,"date":"2026-02-12T21:59:25","date_gmt":"2026-02-12T21:59:25","guid":{"rendered":"https:\/\/ferruzca.amarilio.net\/product\/ajt12\/"},"modified":"2026-04-08T22:49:17","modified_gmt":"2026-04-08T22:49:17","slug":"ajt12","status":"publish","type":"product","link":"https:\/\/ferruzca.amarilio.net\/en\/product\/ajt12\/","title":{"rendered":"AJT12"},"content":{"rendered":"<p>Los fusibles Amp-Trap 2000\u00ae AJT ofrecen una funci\u00f3n de no indicaci\u00f3n, as\u00ed como un indicador visual SmartSpot de fusible abierto. Gracias a la avanzada tecnolog\u00eda de materiales, el fusible AJT proporciona protecci\u00f3n IEC Tipo 2 sin da\u00f1os para circuitos principales, alimentadores y derivados, para todo tipo de cargas. Sin embargo, solo requieren la mitad del espacio de montaje necesario para los fusibles Clase RK de 600 V CA. Las caracter\u00edsticas de retardo de los AJT son ideales para manejar corrientes de entrada t\u00edpicas de motores y transformadores, a la vez que ofrecen una capacidad superior de limitaci\u00f3n de corriente.<\/p>","protected":false},"excerpt":{"rendered":"<p>FUSIBLE DE RETARDO TIPO J 12A 600V MERSEN<\/p>","protected":false},"featured_media":7177,"comment_status":"open","ping_status":"closed","template":"","meta":[],"product_brand":[127],"product_cat":[366],"product_tag":[406],"class_list":{"0":"post-10818","1":"product","2":"type-product","3":"status-publish","4":"has-post-thumbnail","6":"product_brand-mersen","7":"product_cat-fusibles","8":"product_tag-fusible-de-retardo-clase-j","10":"first","11":"instock","12":"sale","13":"shipping-taxable","14":"purchasable","15":"product-type-simple"},"_links":{"self":[{"href":"https:\/\/ferruzca.amarilio.net\/en\/wp-json\/wp\/v2\/product\/10818","targetHints":{"allow":["GET"]}}],"collection":[{"href":"https:\/\/ferruzca.amarilio.net\/en\/wp-json\/wp\/v2\/product"}],"about":[{"href":"https:\/\/ferruzca.amarilio.net\/en\/wp-json\/wp\/v2\/types\/product"}],"replies":[{"embeddable":true,"href":"https:\/\/ferruzca.amarilio.net\/en\/wp-json\/wp\/v2\/comments?post=10818"}],"wp:featuredmedia":[{"embeddable":true,"href":"https:\/\/ferruzca.amarilio.net\/en\/wp-json\/wp\/v2\/media\/7177"}],"wp:attachment":[{"href":"https:\/\/ferruzca.amarilio.net\/en\/wp-json\/wp\/v2\/media?parent=10818"}],"wp:term":[{"taxonomy":"product_brand","embeddable":true,"href":"https:\/\/ferruzca.amarilio.net\/en\/wp-json\/wp\/v2\/product_brand?post=10818"},{"taxonomy":"product_cat","embeddable":true,"href":"https:\/\/ferruzca.amarilio.net\/en\/wp-json\/wp\/v2\/product_cat?post=10818"},{"taxonomy":"product_tag","embeddable":true,"href":"https:\/\/ferruzca.amarilio.net\/en\/wp-json\/wp\/v2\/product_tag?post=10818"}],"curies":[{"name":"wp","href":"https:\/\/api.w.org\/{rel}","templated":true}]}}