{"id":10767,"date":"2026-02-12T21:59:08","date_gmt":"2026-02-12T21:59:08","guid":{"rendered":"https:\/\/ferruzca.amarilio.net\/product\/trs2-8-10r\/"},"modified":"2026-04-08T22:49:15","modified_gmt":"2026-04-08T22:49:15","slug":"trs2-8-10r","status":"publish","type":"product","link":"https:\/\/ferruzca.amarilio.net\/en\/product\/trs2-8-10r\/","title":{"rendered":"TRS2-8\/10R"},"content":{"rendered":"<p>Los fusibles de retardo con limitaci\u00f3n de corriente Tri-Onic TRS-R est\u00e1n dise\u00f1ados para la protecci\u00f3n contra sobrecorriente de motores, transformadores, equipos de entrada de servicio, alimentadores y circuitos derivados. Las caracter\u00edsticas de retardo de los TRS-R gestionan con seguridad las corrientes de arranque y de irrupci\u00f3n inocuas asociadas con los motores y transformadores actuales.<\/p>","protected":false},"excerpt":{"rendered":"<p>FUSIBLE DE RETARDO 2-8\/10A 600V MERSEN<\/p>","protected":false},"featured_media":7442,"comment_status":"open","ping_status":"closed","template":"","meta":[],"product_brand":[127],"product_cat":[366],"product_tag":[405],"class_list":{"0":"post-10767","1":"product","2":"type-product","3":"status-publish","4":"has-post-thumbnail","6":"product_brand-mersen","7":"product_cat-fusibles","8":"product_tag-fusible-de-retardo","10":"first","11":"instock","12":"sale","13":"shipping-taxable","14":"purchasable","15":"product-type-simple"},"_links":{"self":[{"href":"https:\/\/ferruzca.amarilio.net\/en\/wp-json\/wp\/v2\/product\/10767","targetHints":{"allow":["GET"]}}],"collection":[{"href":"https:\/\/ferruzca.amarilio.net\/en\/wp-json\/wp\/v2\/product"}],"about":[{"href":"https:\/\/ferruzca.amarilio.net\/en\/wp-json\/wp\/v2\/types\/product"}],"replies":[{"embeddable":true,"href":"https:\/\/ferruzca.amarilio.net\/en\/wp-json\/wp\/v2\/comments?post=10767"}],"wp:featuredmedia":[{"embeddable":true,"href":"https:\/\/ferruzca.amarilio.net\/en\/wp-json\/wp\/v2\/media\/7442"}],"wp:attachment":[{"href":"https:\/\/ferruzca.amarilio.net\/en\/wp-json\/wp\/v2\/media?parent=10767"}],"wp:term":[{"taxonomy":"product_brand","embeddable":true,"href":"https:\/\/ferruzca.amarilio.net\/en\/wp-json\/wp\/v2\/product_brand?post=10767"},{"taxonomy":"product_cat","embeddable":true,"href":"https:\/\/ferruzca.amarilio.net\/en\/wp-json\/wp\/v2\/product_cat?post=10767"},{"taxonomy":"product_tag","embeddable":true,"href":"https:\/\/ferruzca.amarilio.net\/en\/wp-json\/wp\/v2\/product_tag?post=10767"}],"curies":[{"name":"wp","href":"https:\/\/api.w.org\/{rel}","templated":true}]}}