{"id":10703,"date":"2026-02-12T21:58:47","date_gmt":"2026-02-12T21:58:47","guid":{"rendered":"https:\/\/ferruzca.amarilio.net\/product\/acs580-01-293a-4\/"},"modified":"2026-04-08T22:49:12","modified_gmt":"2026-04-08T22:49:12","slug":"acs580-01-293a-4","status":"publish","type":"product","link":"https:\/\/ferruzca.amarilio.net\/en\/product\/acs580-01-293a-4\/","title":{"rendered":"ACS580-01-293A-4"},"content":{"rendered":"<p>El ACS580-01 est\u00e1 listo para conectar y controlar compresores, transportadores, bombas, extrusoras, centr\u00edfugas, mezcladores, ventiladores y muchas otras aplicaciones de par variable y constante en diversas industrias ligeras, como la de alimentos y bebidas, pl\u00e1sticos, textiles, manipulaci\u00f3n de materiales y agricultura.Las funciones principales est\u00e1n integradas de serie, lo que simplifica la selecci\u00f3n del variador y elimina la necesidad de hardware adicional. Su men\u00fa de configuraci\u00f3n y sus asistentes, vers\u00e1tiles y sencillos, permiten una r\u00e1pida configuraci\u00f3n, puesta en marcha, uso y mantenimiento, mientras que su dise\u00f1o robusto lo hace ideal para diversos entornos. Con los variadores ACS580, puede controlar f\u00e1cilmente sus procesos para gestionar su planta de forma integral. El ACS580-01, con montaje en pared, viene de serie en una carcasa IP21.<\/p>","protected":false},"excerpt":{"rendered":"<p>Variador de frecuencia para uso general trif\u00e1sico, montaje en pared, 293 A, 75 HP, 400 V (ACS580-01-293A-4)<\/p>","protected":false},"featured_media":7600,"comment_status":"open","ping_status":"closed","template":"","meta":[],"product_brand":[143],"product_cat":[349],"product_tag":[],"class_list":{"0":"post-10703","1":"product","2":"type-product","3":"status-publish","4":"has-post-thumbnail","6":"product_brand-abb","7":"product_cat-motores-y-variadores","9":"first","10":"instock","11":"sale","12":"shipping-taxable","13":"purchasable","14":"product-type-simple"},"_links":{"self":[{"href":"https:\/\/ferruzca.amarilio.net\/en\/wp-json\/wp\/v2\/product\/10703","targetHints":{"allow":["GET"]}}],"collection":[{"href":"https:\/\/ferruzca.amarilio.net\/en\/wp-json\/wp\/v2\/product"}],"about":[{"href":"https:\/\/ferruzca.amarilio.net\/en\/wp-json\/wp\/v2\/types\/product"}],"replies":[{"embeddable":true,"href":"https:\/\/ferruzca.amarilio.net\/en\/wp-json\/wp\/v2\/comments?post=10703"}],"wp:featuredmedia":[{"embeddable":true,"href":"https:\/\/ferruzca.amarilio.net\/en\/wp-json\/wp\/v2\/media\/7600"}],"wp:attachment":[{"href":"https:\/\/ferruzca.amarilio.net\/en\/wp-json\/wp\/v2\/media?parent=10703"}],"wp:term":[{"taxonomy":"product_brand","embeddable":true,"href":"https:\/\/ferruzca.amarilio.net\/en\/wp-json\/wp\/v2\/product_brand?post=10703"},{"taxonomy":"product_cat","embeddable":true,"href":"https:\/\/ferruzca.amarilio.net\/en\/wp-json\/wp\/v2\/product_cat?post=10703"},{"taxonomy":"product_tag","embeddable":true,"href":"https:\/\/ferruzca.amarilio.net\/en\/wp-json\/wp\/v2\/product_tag?post=10703"}],"curies":[{"name":"wp","href":"https:\/\/api.w.org\/{rel}","templated":true}]}}