{"id":10678,"date":"2026-02-12T21:58:39","date_gmt":"2026-02-12T21:58:39","guid":{"rendered":"https:\/\/ferruzca.amarilio.net\/product\/acs480-04-09a5-4\/"},"modified":"2026-04-08T22:49:11","modified_gmt":"2026-04-08T22:49:11","slug":"acs480-04-09a5-4","status":"publish","type":"product","link":"https:\/\/ferruzca.amarilio.net\/en\/product\/acs480-04-09a5-4\/","title":{"rendered":"ACS480-04-09A5-4"},"content":{"rendered":"<p>El ACS480 es un paquete listo para usar y capaz para diversas aplicaciones, como compresores, ventiladores y cintas transportadoras, en diversas industrias ligeras, como la alimentaci\u00f3n y bebidas, la log\u00edstica y el almacenamiento, el agua y las aguas residuales, y la agricultura. Incorpora todas las caracter\u00edsticas esenciales de serie, lo que simplifica la selecci\u00f3n del variador y elimina la necesidad de hardware adicional. Su sencillo men\u00fa de configuraci\u00f3n y sus asistentes permiten una r\u00e1pida configuraci\u00f3n, puesta en marcha, uso y mantenimiento. Es ideal para aplicaciones de par variable y velocidad b\u00e1sica, donde puede aprovechar un dise\u00f1o compacto y optimizado para armarios para una soluci\u00f3n rentable y eficiente.<\/p>","protected":false},"excerpt":{"rendered":"<p>Variador de frecuencia para uso general trif\u00e1sico, montaje en pared, 7,6 A, 5 HP, 400 V (ACS480-04-09A5-4)<\/p>","protected":false},"featured_media":7601,"comment_status":"open","ping_status":"closed","template":"","meta":[],"product_brand":[143],"product_cat":[349],"product_tag":[],"class_list":{"0":"post-10678","1":"product","2":"type-product","3":"status-publish","4":"has-post-thumbnail","6":"product_brand-abb","7":"product_cat-motores-y-variadores","9":"first","10":"instock","11":"sale","12":"shipping-taxable","13":"purchasable","14":"product-type-simple"},"_links":{"self":[{"href":"https:\/\/ferruzca.amarilio.net\/en\/wp-json\/wp\/v2\/product\/10678","targetHints":{"allow":["GET"]}}],"collection":[{"href":"https:\/\/ferruzca.amarilio.net\/en\/wp-json\/wp\/v2\/product"}],"about":[{"href":"https:\/\/ferruzca.amarilio.net\/en\/wp-json\/wp\/v2\/types\/product"}],"replies":[{"embeddable":true,"href":"https:\/\/ferruzca.amarilio.net\/en\/wp-json\/wp\/v2\/comments?post=10678"}],"wp:featuredmedia":[{"embeddable":true,"href":"https:\/\/ferruzca.amarilio.net\/en\/wp-json\/wp\/v2\/media\/7601"}],"wp:attachment":[{"href":"https:\/\/ferruzca.amarilio.net\/en\/wp-json\/wp\/v2\/media?parent=10678"}],"wp:term":[{"taxonomy":"product_brand","embeddable":true,"href":"https:\/\/ferruzca.amarilio.net\/en\/wp-json\/wp\/v2\/product_brand?post=10678"},{"taxonomy":"product_cat","embeddable":true,"href":"https:\/\/ferruzca.amarilio.net\/en\/wp-json\/wp\/v2\/product_cat?post=10678"},{"taxonomy":"product_tag","embeddable":true,"href":"https:\/\/ferruzca.amarilio.net\/en\/wp-json\/wp\/v2\/product_tag?post=10678"}],"curies":[{"name":"wp","href":"https:\/\/api.w.org\/{rel}","templated":true}]}}