{"id":10566,"date":"2026-02-12T21:58:03","date_gmt":"2026-02-12T21:58:03","guid":{"rendered":"https:\/\/ferruzca.amarilio.net\/product\/ka1-8024\/"},"modified":"2026-04-08T22:49:06","modified_gmt":"2026-04-08T22:49:06","slug":"ka1-8024","status":"publish","type":"product","link":"https:\/\/ferruzca.amarilio.net\/en\/product\/ka1-8024\/","title":{"rendered":"KA1-8024"},"content":{"rendered":"<p>La gama modular le permite combinar componentes a su gusto. Fabricados en policarbonato de gran resistencia qu\u00edmica, y alcance de -25 a +70. Disponen de altos grados de protecci\u00f3n IP, y cumple las principales normas internacionales.Grado de protecci\u00f3n (IP): IP66, Grado de protecci\u00f3n (NEMA): 4X.<\/p>","protected":false},"excerpt":{"rendered":"<p>EMEBELLECEDOR, INTERRUPTOR SELECTOR , METALICO CROMADO<\/p>","protected":false},"featured_media":7557,"comment_status":"open","ping_status":"closed","template":"","meta":[],"product_brand":[143],"product_cat":[348],"product_tag":[403],"class_list":{"0":"post-10566","1":"product","2":"type-product","3":"status-publish","4":"has-post-thumbnail","6":"product_brand-abb","7":"product_cat-mando-y-senalizacion","8":"product_tag-accesorios-para-serie-modular","10":"first","11":"instock","12":"sale","13":"shipping-taxable","14":"purchasable","15":"product-type-simple"},"_links":{"self":[{"href":"https:\/\/ferruzca.amarilio.net\/en\/wp-json\/wp\/v2\/product\/10566","targetHints":{"allow":["GET"]}}],"collection":[{"href":"https:\/\/ferruzca.amarilio.net\/en\/wp-json\/wp\/v2\/product"}],"about":[{"href":"https:\/\/ferruzca.amarilio.net\/en\/wp-json\/wp\/v2\/types\/product"}],"replies":[{"embeddable":true,"href":"https:\/\/ferruzca.amarilio.net\/en\/wp-json\/wp\/v2\/comments?post=10566"}],"wp:featuredmedia":[{"embeddable":true,"href":"https:\/\/ferruzca.amarilio.net\/en\/wp-json\/wp\/v2\/media\/7557"}],"wp:attachment":[{"href":"https:\/\/ferruzca.amarilio.net\/en\/wp-json\/wp\/v2\/media?parent=10566"}],"wp:term":[{"taxonomy":"product_brand","embeddable":true,"href":"https:\/\/ferruzca.amarilio.net\/en\/wp-json\/wp\/v2\/product_brand?post=10566"},{"taxonomy":"product_cat","embeddable":true,"href":"https:\/\/ferruzca.amarilio.net\/en\/wp-json\/wp\/v2\/product_cat?post=10566"},{"taxonomy":"product_tag","embeddable":true,"href":"https:\/\/ferruzca.amarilio.net\/en\/wp-json\/wp\/v2\/product_tag?post=10566"}],"curies":[{"name":"wp","href":"https:\/\/api.w.org\/{rel}","templated":true}]}}