{"id":10505,"date":"2026-02-12T21:57:41","date_gmt":"2026-02-12T21:57:41","guid":{"rendered":"https:\/\/ferruzca.amarilio.net\/product\/mpet4-10r\/"},"modified":"2026-04-08T22:49:03","modified_gmt":"2026-04-08T22:49:03","slug":"mpet4-10r","status":"publish","type":"product","link":"https:\/\/ferruzca.amarilio.net\/en\/product\/mpet4-10r\/","title":{"rendered":"MPET4-10R"},"content":{"rendered":"<p>La gama modular le permite combinar componentes a su gusto. Fabricados en policarbonato de gran resistencia qu\u00edmica, y alcance de -25 a +70. Disponen de altos grados de protecci\u00f3n IP, y cumple las principales normas internacionales. Di\u00e1metro del orificio: 22mm, Funci\u00f3n de cambio de enclavamiento, Grado de protecci\u00f3n (IP): IP66, Grado de protecci\u00f3n (NEMA): 4X.<\/p>","protected":false},"excerpt":{"rendered":"<p>BOTON PARO DE EMERGENCIA NO ILUMINADO- CONTINUACION  ROJO, 40 mm DIAMETRO, DESBLOQUEO POR GIRO<\/p>","protected":false},"featured_media":7509,"comment_status":"open","ping_status":"closed","template":"","meta":[],"product_brand":[143],"product_cat":[348],"product_tag":[402],"class_list":{"0":"post-10505","1":"product","2":"type-product","3":"status-publish","4":"has-post-thumbnail","6":"product_brand-abb","7":"product_cat-mando-y-senalizacion","8":"product_tag-botoneria-modular-plastica","10":"first","11":"instock","12":"sale","13":"shipping-taxable","14":"purchasable","15":"product-type-simple"},"_links":{"self":[{"href":"https:\/\/ferruzca.amarilio.net\/en\/wp-json\/wp\/v2\/product\/10505","targetHints":{"allow":["GET"]}}],"collection":[{"href":"https:\/\/ferruzca.amarilio.net\/en\/wp-json\/wp\/v2\/product"}],"about":[{"href":"https:\/\/ferruzca.amarilio.net\/en\/wp-json\/wp\/v2\/types\/product"}],"replies":[{"embeddable":true,"href":"https:\/\/ferruzca.amarilio.net\/en\/wp-json\/wp\/v2\/comments?post=10505"}],"wp:featuredmedia":[{"embeddable":true,"href":"https:\/\/ferruzca.amarilio.net\/en\/wp-json\/wp\/v2\/media\/7509"}],"wp:attachment":[{"href":"https:\/\/ferruzca.amarilio.net\/en\/wp-json\/wp\/v2\/media?parent=10505"}],"wp:term":[{"taxonomy":"product_brand","embeddable":true,"href":"https:\/\/ferruzca.amarilio.net\/en\/wp-json\/wp\/v2\/product_brand?post=10505"},{"taxonomy":"product_cat","embeddable":true,"href":"https:\/\/ferruzca.amarilio.net\/en\/wp-json\/wp\/v2\/product_cat?post=10505"},{"taxonomy":"product_tag","embeddable":true,"href":"https:\/\/ferruzca.amarilio.net\/en\/wp-json\/wp\/v2\/product_tag?post=10505"}],"curies":[{"name":"wp","href":"https:\/\/api.w.org\/{rel}","templated":true}]}}