{"id":10489,"date":"2026-02-12T21:57:37","date_gmt":"2026-02-12T21:57:37","guid":{"rendered":"https:\/\/ferruzca.amarilio.net\/product\/m3ssk1-101\/"},"modified":"2026-04-08T22:49:02","modified_gmt":"2026-04-08T22:49:02","slug":"m3ssk1-101","status":"publish","type":"product","link":"https:\/\/ferruzca.amarilio.net\/en\/product\/m3ssk1-101\/","title":{"rendered":"M3SSK1-101"},"content":{"rendered":"<p>La gama modular le permite combinar componentes a su gusto. Fabricados en policarbonato de gran resistencia qu\u00edmica, y alcance de -25 a +70. Disponen de altos grados de protecci\u00f3n IP, y cumple las principales normas internacionales. N\u00famero de posiciones del interruptor: 3, Ejecuci\u00f3n del elemento accionador: llave, Di\u00e1metro del orificio: 22mm, Funci\u00f3n de cambio de enclavamiento, Con anillo central, Material del anillo frontal: Pl\u00e1stico, Anillo frontal de color: Negro, Grado de protecci\u00f3n (IP), frontal: IP66, Grado de protecci\u00f3n NEMA, parte frontal: 4X <\/p>","protected":false},"excerpt":{"rendered":"<p>SELECTOR CON LLAVE NEGRO, 3 POSICIONES FIJAS, RETIRO DE LLAVE EN CUALQUIER POSICION, C\u00d3DIGO DE LLAVE 71\/ronis 455<\/p>","protected":false},"featured_media":7495,"comment_status":"open","ping_status":"closed","template":"","meta":[],"product_brand":[143],"product_cat":[348],"product_tag":[402],"class_list":{"0":"post-10489","1":"product","2":"type-product","3":"status-publish","4":"has-post-thumbnail","6":"product_brand-abb","7":"product_cat-mando-y-senalizacion","8":"product_tag-botoneria-modular-plastica","10":"first","11":"instock","12":"sale","13":"shipping-taxable","14":"purchasable","15":"product-type-simple"},"_links":{"self":[{"href":"https:\/\/ferruzca.amarilio.net\/en\/wp-json\/wp\/v2\/product\/10489","targetHints":{"allow":["GET"]}}],"collection":[{"href":"https:\/\/ferruzca.amarilio.net\/en\/wp-json\/wp\/v2\/product"}],"about":[{"href":"https:\/\/ferruzca.amarilio.net\/en\/wp-json\/wp\/v2\/types\/product"}],"replies":[{"embeddable":true,"href":"https:\/\/ferruzca.amarilio.net\/en\/wp-json\/wp\/v2\/comments?post=10489"}],"wp:featuredmedia":[{"embeddable":true,"href":"https:\/\/ferruzca.amarilio.net\/en\/wp-json\/wp\/v2\/media\/7495"}],"wp:attachment":[{"href":"https:\/\/ferruzca.amarilio.net\/en\/wp-json\/wp\/v2\/media?parent=10489"}],"wp:term":[{"taxonomy":"product_brand","embeddable":true,"href":"https:\/\/ferruzca.amarilio.net\/en\/wp-json\/wp\/v2\/product_brand?post=10489"},{"taxonomy":"product_cat","embeddable":true,"href":"https:\/\/ferruzca.amarilio.net\/en\/wp-json\/wp\/v2\/product_cat?post=10489"},{"taxonomy":"product_tag","embeddable":true,"href":"https:\/\/ferruzca.amarilio.net\/en\/wp-json\/wp\/v2\/product_tag?post=10489"}],"curies":[{"name":"wp","href":"https:\/\/api.w.org\/{rel}","templated":true}]}}