{"id":10419,"date":"2026-02-12T21:57:14","date_gmt":"2026-02-12T21:57:14","guid":{"rendered":"https:\/\/ferruzca.amarilio.net\/product\/mp1-11g\/"},"modified":"2026-04-08T22:48:58","modified_gmt":"2026-04-08T22:48:58","slug":"mp1-11g","status":"publish","type":"product","link":"https:\/\/ferruzca.amarilio.net\/en\/product\/mp1-11g\/","title":{"rendered":"MP1-11G"},"content":{"rendered":"<p>La gama modular le permite combinar componentes a su gusto. Fabricados en policarbonato de gran resistencia qu\u00edmica, y alcance de -25 a +70. Disponen de altos grados de protecci\u00f3n IP, y cumple las principales normas internacionales. N\u00famero de puestos de mando: 1, Dise\u00f1o de la lente: Redondo, Di\u00e1metro del orificio: 22mm, Tipo de bot\u00f3n: Plano, T\u00e1ctil, Con anillo central, Material del anillo frontal: Pl\u00e1stico, Anillo frontal de color: Negro, Grado de protecci\u00f3n (IP), frontal: IP66, Grado de protecci\u00f3n NEMA, parte frontal: 4X <\/p>","protected":false},"excerpt":{"rendered":"<p>BOTON PULSADOR ILUMINADO VERDE MOMENTANEO RASANTE 22mm<\/p>","protected":false},"featured_media":7455,"comment_status":"open","ping_status":"closed","template":"","meta":[],"product_brand":[143],"product_cat":[348],"product_tag":[402],"class_list":{"0":"post-10419","1":"product","2":"type-product","3":"status-publish","4":"has-post-thumbnail","6":"product_brand-abb","7":"product_cat-mando-y-senalizacion","8":"product_tag-botoneria-modular-plastica","10":"first","11":"instock","12":"sale","13":"shipping-taxable","14":"purchasable","15":"product-type-simple"},"_links":{"self":[{"href":"https:\/\/ferruzca.amarilio.net\/en\/wp-json\/wp\/v2\/product\/10419","targetHints":{"allow":["GET"]}}],"collection":[{"href":"https:\/\/ferruzca.amarilio.net\/en\/wp-json\/wp\/v2\/product"}],"about":[{"href":"https:\/\/ferruzca.amarilio.net\/en\/wp-json\/wp\/v2\/types\/product"}],"replies":[{"embeddable":true,"href":"https:\/\/ferruzca.amarilio.net\/en\/wp-json\/wp\/v2\/comments?post=10419"}],"wp:featuredmedia":[{"embeddable":true,"href":"https:\/\/ferruzca.amarilio.net\/en\/wp-json\/wp\/v2\/media\/7455"}],"wp:attachment":[{"href":"https:\/\/ferruzca.amarilio.net\/en\/wp-json\/wp\/v2\/media?parent=10419"}],"wp:term":[{"taxonomy":"product_brand","embeddable":true,"href":"https:\/\/ferruzca.amarilio.net\/en\/wp-json\/wp\/v2\/product_brand?post=10419"},{"taxonomy":"product_cat","embeddable":true,"href":"https:\/\/ferruzca.amarilio.net\/en\/wp-json\/wp\/v2\/product_cat?post=10419"},{"taxonomy":"product_tag","embeddable":true,"href":"https:\/\/ferruzca.amarilio.net\/en\/wp-json\/wp\/v2\/product_tag?post=10419"}],"curies":[{"name":"wp","href":"https:\/\/api.w.org\/{rel}","templated":true}]}}