{"id":10393,"date":"2026-02-12T21:57:05","date_gmt":"2026-02-12T21:57:05","guid":{"rendered":"https:\/\/ferruzca.amarilio.net\/product\/interruptor-tmax-t5n-320a-3-polos\/"},"modified":"2026-04-08T22:48:57","modified_gmt":"2026-04-08T22:48:57","slug":"interruptor-tmax-t5n-320a-3-polos","status":"publish","type":"product","link":"https:\/\/ferruzca.amarilio.net\/en\/product\/interruptor-tmax-t5n-320a-3-polos\/","title":{"rendered":"INTERRUPTOR TMAX T5N 320A 3 POLOS"},"content":{"rendered":"<p>Los interruptores autom\u00e1ticos de caja moldeada Tmax XT garantizan un rendimiento extremadamente alto, adem\u00e1s de ser cada vez m\u00e1s peque\u00f1os, f\u00e1ciles de instalar y ofrecer una seguridad cada vez mayor. <\/p>","protected":false},"excerpt":{"rendered":"<p>INTERRUPTOR TMAX T5N 400 FIJO DE TRES POLOS CON TERMINALES FRONTALES Y DESENCLAVAMIENTO TERMOMAGN\u00c9TICO TMA R 320 I3=1600&#8230;3200 A<\/p>","protected":false},"featured_media":6581,"comment_status":"open","ping_status":"closed","template":"","meta":[],"product_brand":[143],"product_cat":[347],"product_tag":[401],"class_list":{"0":"post-10393","1":"product","2":"type-product","3":"status-publish","4":"has-post-thumbnail","6":"product_brand-abb","7":"product_cat-distribucion-de-potencia-y-proteccion-electrica","8":"product_tag-interruptor-termomagnetico-caja-moldeada","10":"first","11":"instock","12":"shipping-taxable","13":"purchasable","14":"product-type-simple"},"_links":{"self":[{"href":"https:\/\/ferruzca.amarilio.net\/en\/wp-json\/wp\/v2\/product\/10393","targetHints":{"allow":["GET"]}}],"collection":[{"href":"https:\/\/ferruzca.amarilio.net\/en\/wp-json\/wp\/v2\/product"}],"about":[{"href":"https:\/\/ferruzca.amarilio.net\/en\/wp-json\/wp\/v2\/types\/product"}],"replies":[{"embeddable":true,"href":"https:\/\/ferruzca.amarilio.net\/en\/wp-json\/wp\/v2\/comments?post=10393"}],"wp:featuredmedia":[{"embeddable":true,"href":"https:\/\/ferruzca.amarilio.net\/en\/wp-json\/wp\/v2\/media\/6581"}],"wp:attachment":[{"href":"https:\/\/ferruzca.amarilio.net\/en\/wp-json\/wp\/v2\/media?parent=10393"}],"wp:term":[{"taxonomy":"product_brand","embeddable":true,"href":"https:\/\/ferruzca.amarilio.net\/en\/wp-json\/wp\/v2\/product_brand?post=10393"},{"taxonomy":"product_cat","embeddable":true,"href":"https:\/\/ferruzca.amarilio.net\/en\/wp-json\/wp\/v2\/product_cat?post=10393"},{"taxonomy":"product_tag","embeddable":true,"href":"https:\/\/ferruzca.amarilio.net\/en\/wp-json\/wp\/v2\/product_tag?post=10393"}],"curies":[{"name":"wp","href":"https:\/\/api.w.org\/{rel}","templated":true}]}}