{"id":10323,"date":"2026-02-12T21:56:43","date_gmt":"2026-02-12T21:56:43","guid":{"rendered":"https:\/\/ferruzca.amarilio.net\/product\/s202-k8\/"},"modified":"2026-04-08T22:48:53","modified_gmt":"2026-04-08T22:48:53","slug":"s202-k8","status":"publish","type":"product","link":"https:\/\/ferruzca.amarilio.net\/en\/product\/s202-k8\/","title":{"rendered":"S202-K8"},"content":{"rendered":"<p>Los interruptores termomagneticos miniatura System pro M compact S200 son limitadores de corriente. Cuentan con dos mecanismos de disparo: el mecanismo de disparo t\u00e9rmico retardado para protecci\u00f3n contra sobrecargas y el mecanismo de disparo electromec\u00e1nico para protecci\u00f3n contra cortocircuitos. Todos los interruptores autom\u00e1ticos de la gama S200 cumplen con las normas IEC\/EN 60898-1, IEC\/EN 60947-2 y UL1077, lo que permite su uso en aplicaciones residenciales, comerciales e industriales. El contacto auxiliar de montaje inferior se puede montar en el S200 para ahorrar un 50 % de espacio.<\/p>","protected":false},"excerpt":{"rendered":"<p>INTERRUPTOR TERMOMAGNETICO &#8211; S200 -2P 8 A curva k<\/p>","protected":false},"featured_media":6657,"comment_status":"open","ping_status":"closed","template":"","meta":[],"product_brand":[143],"product_cat":[347],"product_tag":[399],"class_list":{"0":"post-10323","1":"product","2":"type-product","3":"status-publish","4":"has-post-thumbnail","6":"product_brand-abb","7":"product_cat-distribucion-de-potencia-y-proteccion-electrica","8":"product_tag-interruptor-termomagnetico-serie-s200-curva-k","10":"first","11":"instock","12":"sale","13":"shipping-taxable","14":"purchasable","15":"product-type-simple"},"_links":{"self":[{"href":"https:\/\/ferruzca.amarilio.net\/en\/wp-json\/wp\/v2\/product\/10323","targetHints":{"allow":["GET"]}}],"collection":[{"href":"https:\/\/ferruzca.amarilio.net\/en\/wp-json\/wp\/v2\/product"}],"about":[{"href":"https:\/\/ferruzca.amarilio.net\/en\/wp-json\/wp\/v2\/types\/product"}],"replies":[{"embeddable":true,"href":"https:\/\/ferruzca.amarilio.net\/en\/wp-json\/wp\/v2\/comments?post=10323"}],"wp:featuredmedia":[{"embeddable":true,"href":"https:\/\/ferruzca.amarilio.net\/en\/wp-json\/wp\/v2\/media\/6657"}],"wp:attachment":[{"href":"https:\/\/ferruzca.amarilio.net\/en\/wp-json\/wp\/v2\/media?parent=10323"}],"wp:term":[{"taxonomy":"product_brand","embeddable":true,"href":"https:\/\/ferruzca.amarilio.net\/en\/wp-json\/wp\/v2\/product_brand?post=10323"},{"taxonomy":"product_cat","embeddable":true,"href":"https:\/\/ferruzca.amarilio.net\/en\/wp-json\/wp\/v2\/product_cat?post=10323"},{"taxonomy":"product_tag","embeddable":true,"href":"https:\/\/ferruzca.amarilio.net\/en\/wp-json\/wp\/v2\/product_tag?post=10323"}],"curies":[{"name":"wp","href":"https:\/\/api.w.org\/{rel}","templated":true}]}}