{"id":10194,"date":"2026-02-12T21:56:02","date_gmt":"2026-02-12T21:56:02","guid":{"rendered":"https:\/\/ferruzca.amarilio.net\/product\/sh203t-c10\/"},"modified":"2026-04-08T22:48:46","modified_gmt":"2026-04-08T22:48:46","slug":"sh203t-c10","status":"publish","type":"product","link":"https:\/\/ferruzca.amarilio.net\/en\/product\/sh203t-c10\/","title":{"rendered":"SH203T-C10"},"content":{"rendered":"<p>Los interruptores termomagneticos miniatura Compact Home SH200T son limitadores de corriente. Cuentan con dos mecanismos de disparo: el mecanismo de disparo t\u00e9rmico retardado para protecci\u00f3n contra sobrecargas y el mecanismo de disparo electromec\u00e1nico para protecci\u00f3n contra cortocircuitos. Todos los interruptores autom\u00e1ticos de la gama SH200T cumplen con la norma IEC\/EN 60898-1, lo que permite su uso en aplicaciones residenciales.<\/p>","protected":false},"excerpt":{"rendered":"<p>INTERRUPTOR TERMOMAGNETICO &#8211; SH200T &#8211; 3P 10 A<\/p>","protected":false},"featured_media":6636,"comment_status":"open","ping_status":"closed","template":"","meta":[],"product_brand":[143],"product_cat":[347],"product_tag":[393],"class_list":{"0":"post-10194","1":"product","2":"type-product","3":"status-publish","4":"has-post-thumbnail","6":"product_brand-abb","7":"product_cat-distribucion-de-potencia-y-proteccion-electrica","8":"product_tag-interruptor-termomagnetico-serie-sh200t","10":"first","11":"instock","12":"sale","13":"shipping-taxable","14":"purchasable","15":"product-type-simple"},"_links":{"self":[{"href":"https:\/\/ferruzca.amarilio.net\/en\/wp-json\/wp\/v2\/product\/10194","targetHints":{"allow":["GET"]}}],"collection":[{"href":"https:\/\/ferruzca.amarilio.net\/en\/wp-json\/wp\/v2\/product"}],"about":[{"href":"https:\/\/ferruzca.amarilio.net\/en\/wp-json\/wp\/v2\/types\/product"}],"replies":[{"embeddable":true,"href":"https:\/\/ferruzca.amarilio.net\/en\/wp-json\/wp\/v2\/comments?post=10194"}],"wp:featuredmedia":[{"embeddable":true,"href":"https:\/\/ferruzca.amarilio.net\/en\/wp-json\/wp\/v2\/media\/6636"}],"wp:attachment":[{"href":"https:\/\/ferruzca.amarilio.net\/en\/wp-json\/wp\/v2\/media?parent=10194"}],"wp:term":[{"taxonomy":"product_brand","embeddable":true,"href":"https:\/\/ferruzca.amarilio.net\/en\/wp-json\/wp\/v2\/product_brand?post=10194"},{"taxonomy":"product_cat","embeddable":true,"href":"https:\/\/ferruzca.amarilio.net\/en\/wp-json\/wp\/v2\/product_cat?post=10194"},{"taxonomy":"product_tag","embeddable":true,"href":"https:\/\/ferruzca.amarilio.net\/en\/wp-json\/wp\/v2\/product_tag?post=10194"}],"curies":[{"name":"wp","href":"https:\/\/api.w.org\/{rel}","templated":true}]}}