{"id":13470,"date":"2026-03-12T08:28:50","date_gmt":"2026-03-12T08:28:50","guid":{"rendered":"https:\/\/ferruzca.amarilio.net\/?page_id=13470"},"modified":"2026-03-12T08:33:19","modified_gmt":"2026-03-12T08:33:19","slug":"aviso-de-privacidad","status":"publish","type":"page","link":"https:\/\/ferruzca.amarilio.net\/en\/aviso-de-privacidad\/","title":{"rendered":"Aviso de Privacidad"},"content":{"rendered":"\t\t<div data-elementor-type=\"wp-page\" data-elementor-id=\"13470\" class=\"elementor elementor-13470\">\n\t\t\t\t<div class=\"elementor-element elementor-element-8719ad0 e-flex e-con-boxed e-con e-parent\" data-id=\"8719ad0\" data-element_type=\"container\" data-e-type=\"container\">\n\t\t\t\t\t<div class=\"e-con-inner\">\n\t\t\t\t<div class=\"elementor-element elementor-element-eb05f85 elementor-widget elementor-widget-heading\" data-id=\"eb05f85\" data-element_type=\"widget\" data-e-type=\"widget\" data-widget_type=\"heading.default\">\n\t\t\t\t\t<h2 class=\"elementor-heading-title elementor-size-default\">Aviso de Privacidad<\/h2>\t\t\t\t<\/div>\n\t\t\t\t<div class=\"elementor-element elementor-element-a55ceb8 elementor-widget elementor-widget-spacer\" data-id=\"a55ceb8\" data-element_type=\"widget\" data-e-type=\"widget\" data-widget_type=\"spacer.default\">\n\t\t\t\t\t\t\t<div class=\"elementor-spacer\">\n\t\t\t<div class=\"elementor-spacer-inner\"><\/div>\n\t\t<\/div>\n\t\t\t\t\t\t<\/div>\n\t\t\t\t<div class=\"elementor-element elementor-element-b179b9f elementor-widget elementor-widget-text-editor\" data-id=\"b179b9f\" data-element_type=\"widget\" data-e-type=\"widget\" data-widget_type=\"text-editor.default\">\n\t\t\t\t\t\t\t\t\t<p><span style=\"font-weight: 400;\">En Ferruzca INSTYC, tratamos sus datos personales conforme a la Ley Federal de Protecci\u00f3n de Datos Personales en Posesi\u00f3n de los Particulares.<\/span><\/p><p><span style=\"font-weight: 400;\">Sus datos no ser\u00e1n vendidos ni compartidos con terceros, salvo cuando sea necesario para la entrega de productos o por requerimiento legal.<\/span><\/p><p><span style=\"font-weight: 400;\">En cumplimiento con lo establecido por la Ley Federal de Protecci\u00f3n de Datos Personales en Posesi\u00f3n de los Particulares, Ferruzca INSTYC, informa a los usuarios de este sitio web sobre el tratamiento que se dar\u00e1 a sus datos personales.<\/span><\/p><h2><b>Datos personales que se recaban<\/b><\/h2><p><span style=\"font-weight: 400;\">Los datos personales que podr\u00e1n ser recabados a trav\u00e9s de este sitio web, formularios de contacto, procesos de compra o comunicaci\u00f3n directa incluyen, entre otros:<\/span><\/p><ul><li><span style=\"font-weight: 400;\">Nombre completo<\/span><\/li><li><span style=\"font-weight: 400;\">Tel\u00e9fono de contacto<\/span><\/li><li><span style=\"font-weight: 400;\">Correo electr\u00f3nico<\/span><\/li><li><span style=\"font-weight: 400;\">Direcci\u00f3n<\/span><\/li><li><span style=\"font-weight: 400;\">Datos de facturaci\u00f3n<\/span><\/li><li><span style=\"font-weight: 400;\">Informaci\u00f3n relacionada con solicitudes o compras realizadas<\/span><span style=\"font-weight: 400;\"><br \/><\/span><\/li><\/ul><h2><b>Finalidad del uso de los datos<\/b><\/h2><p><span style=\"font-weight: 400;\">Los datos personales recabados ser\u00e1n utilizados para las siguientes finalidades:<\/span><\/p><ul><li><span style=\"font-weight: 400;\">Atender solicitudes de informaci\u00f3n.<\/span><\/li><li><span style=\"font-weight: 400;\">Proporcionar productos o servicios solicitados.<\/span><\/li><li><span style=\"font-weight: 400;\">Elaborar cotizaciones y facturaci\u00f3n.<\/span><\/li><li><span style=\"font-weight: 400;\">Procesar pedidos y gestionar env\u00edos.<\/span><\/li><li><span style=\"font-weight: 400;\">Dar seguimiento a solicitudes, pedidos o servicios.<\/span><\/li><li><span style=\"font-weight: 400;\">Mejorar la calidad del servicio y la experiencia del usuario en el sitio web.<\/span><\/li><\/ul><h2><b>Protecci\u00f3n de la informaci\u00f3n<\/b><\/h2><p><span style=\"font-weight: 400;\">La empresa se compromete a proteger la confidencialidad de los datos personales y a implementar las medidas de seguridad necesarias para evitar su da\u00f1o, p\u00e9rdida, alteraci\u00f3n, destrucci\u00f3n o uso no autorizado.<\/span><\/p><h2><b>Transferencia de datos<\/b><\/h2><p><span style=\"font-weight: 400;\">Los datos personales no ser\u00e1n vendidos ni compartidos con terceros, salvo cuando sea necesario para cumplir con obligaciones legales o para la prestaci\u00f3n de los servicios solicitados.<\/span><\/p><h2><b>Derechos ARCO<\/b><\/h2><p><span style=\"font-weight: 400;\">El titular de los datos personales tiene derecho a Acceder, Rectificar, Cancelar u Oponerse (Derechos ARCO) al tratamiento de sus datos personales.<\/span><\/p><p><span style=\"font-weight: 400;\">Para ejercer estos derechos, podr\u00e1 enviar una solicitud al correo electr\u00f3nico: [<\/span><b>correo electr\u00f3nico de contacto<\/b><span style=\"font-weight: 400;\">], indicando su nombre, la relaci\u00f3n con la empresa y el derecho que desea ejercer.<\/span><\/p><h2><b>Cambios al aviso de privacidad<\/b><\/h2><p><span style=\"font-weight: 400;\">El presente aviso de privacidad puede ser modificado en cualquier momento para cumplir con actualizaciones legales o cambios en las pol\u00edticas internas de la empresa. Las modificaciones ser\u00e1n publicadas en este mismo sitio web.<\/span><\/p><h2><b>Consentimiento<\/b><\/h2><p><span style=\"font-weight: 400;\">Al proporcionar sus datos personales a trav\u00e9s de este sitio web, el usuario acepta el tratamiento de los mismos conforme a lo establecido en el presente Aviso de Privacidad.<\/span><\/p>\t\t\t\t\t\t\t\t<\/div>\n\t\t\t\t\t<\/div>\n\t\t\t\t<\/div>\n\t\t\t\t<\/div>\n\t\t","protected":false},"excerpt":{"rendered":"<p>Aviso de Privacidad En Ferruzca INSTYC, tratamos sus datos personales conforme a la Ley Federal [&hellip;]<\/p>\n","protected":false},"author":3,"featured_media":0,"parent":0,"menu_order":0,"comment_status":"closed","ping_status":"closed","template":"","meta":{"footnotes":""},"class_list":["post-13470","page","type-page","status-publish","hentry"],"_links":{"self":[{"href":"https:\/\/ferruzca.amarilio.net\/en\/wp-json\/wp\/v2\/pages\/13470","targetHints":{"allow":["GET"]}}],"collection":[{"href":"https:\/\/ferruzca.amarilio.net\/en\/wp-json\/wp\/v2\/pages"}],"about":[{"href":"https:\/\/ferruzca.amarilio.net\/en\/wp-json\/wp\/v2\/types\/page"}],"author":[{"embeddable":true,"href":"https:\/\/ferruzca.amarilio.net\/en\/wp-json\/wp\/v2\/users\/3"}],"replies":[{"embeddable":true,"href":"https:\/\/ferruzca.amarilio.net\/en\/wp-json\/wp\/v2\/comments?post=13470"}],"version-history":[{"count":4,"href":"https:\/\/ferruzca.amarilio.net\/en\/wp-json\/wp\/v2\/pages\/13470\/revisions"}],"predecessor-version":[{"id":13474,"href":"https:\/\/ferruzca.amarilio.net\/en\/wp-json\/wp\/v2\/pages\/13470\/revisions\/13474"}],"wp:attachment":[{"href":"https:\/\/ferruzca.amarilio.net\/en\/wp-json\/wp\/v2\/media?parent=13470"}],"curies":[{"name":"wp","href":"https:\/\/api.w.org\/{rel}","templated":true}]}}