{"id":12894,"date":"2026-02-13T15:52:45","date_gmt":"2026-02-13T15:52:45","guid":{"rendered":"https:\/\/ferruzca.amarilio.net\/?page_id=12894"},"modified":"2026-04-07T04:19:09","modified_gmt":"2026-04-07T04:19:09","slug":"sobre-nosotros","status":"publish","type":"page","link":"https:\/\/ferruzca.amarilio.net\/en\/sobre-nosotros\/","title":{"rendered":"Sobre Nosotros"},"content":{"rendered":"<div data-elementor-type=\"wp-page\" data-elementor-id=\"12894\" class=\"elementor elementor-12894\">\n\t\t\t\t<div class=\"elementor-element elementor-element-41b7cfc e-flex e-con-boxed e-con e-parent\" data-id=\"41b7cfc\" data-element_type=\"container\" data-e-type=\"container\">\n\t\t\t\t\t<div class=\"e-con-inner\">\n\t\t<div class=\"elementor-element elementor-element-e8f7297 e-con-full e-flex e-con e-child\" data-id=\"e8f7297\" data-element_type=\"container\" data-e-type=\"container\">\n\t\t\t\t<div class=\"elementor-element elementor-element-96c0539 elementor-widget elementor-widget-heading\" data-id=\"96c0539\" data-element_type=\"widget\" data-e-type=\"widget\" data-widget_type=\"heading.default\">\n\t\t\t\t\t<h2 class=\"elementor-heading-title elementor-size-default\">Soluciones de instrumentaci\u00f3n y control industrial en M\u00e9xico<\/h2>\t\t\t\t<\/div>\n\t\t\t\t<div class=\"elementor-element elementor-element-1178cc0 elementor-widget elementor-widget-text-editor\" data-id=\"1178cc0\" data-element_type=\"widget\" data-e-type=\"widget\" data-widget_type=\"text-editor.default\">\n\t\t\t\t\t\t\t\t\t<p>M\u00e1s que venderte productos, en Instrumentaci\u00f3n y Control Industrial Ferruzca te damos soluciones de instrumentaci\u00f3n y control industrial en M\u00e9xico: somos especialistas desde la instalaci\u00f3n, el armado y el mantenimiento hasta la asesor\u00eda y seguimiento.\u00a0 Todo, con la garant\u00eda directa con proveedores y la calidad que nos caracteriza.<\/p><p>Te ofrecemos tableros CCMS fuerza control, bombeo, seguridad en maquinaria, fusibles de media y baja tensi\u00f3n y cable de control. Nuestra cartera de servicios tambi\u00e9n incluye automatizaci\u00f3n y control, c\u00f3digo de red, eficiencia energ\u00e9tica, dom\u00f3tica e iluminaci\u00f3n.<\/p><p>Tambi\u00e9n realizamos medici\u00f3n y monitoreo de calidad de energ\u00eda, programaci\u00f3n y puesta en marcha, estudios de ahorro energ\u00e9tico, comisionamiento de bancos de capacitores autom\u00e1ticos, asesor\u00eda para selecci\u00f3n de equipos, apoyo en refaccionamientos e ingenier\u00eda b\u00e1sica en proyectos.<\/p>\t\t\t\t\t\t\t\t<\/div>\n\t\t\t\t<\/div>\n\t\t<div class=\"elementor-element elementor-element-d543ae8 e-con-full e-flex e-con e-child\" data-id=\"d543ae8\" data-element_type=\"container\" data-e-type=\"container\" data-settings=\"{&quot;background_background&quot;:&quot;classic&quot;}\">\n\t\t\t\t<\/div>\n\t\t\t\t\t<\/div>\n\t\t\t\t<\/div>\n\t\t<div class=\"elementor-element elementor-element-5efd2a2 e-flex e-con-boxed e-con e-parent\" data-id=\"5efd2a2\" data-element_type=\"container\" data-e-type=\"container\" data-settings=\"{&quot;background_background&quot;:&quot;classic&quot;}\">\n\t\t\t\t\t<div class=\"e-con-inner\">\n\t\t<div class=\"elementor-element elementor-element-1c47c56 e-con-full e-flex e-con e-child\" data-id=\"1c47c56\" data-element_type=\"container\" data-e-type=\"container\">\n\t\t\t\t<div class=\"elementor-element elementor-element-7dfb227 elementor-widget elementor-widget-heading\" data-id=\"7dfb227\" data-element_type=\"widget\" data-e-type=\"widget\" data-widget_type=\"heading.default\">\n\t\t\t\t\t<h2 class=\"elementor-heading-title elementor-size-default\">Empresas que han confiado en nosotros<\/h2>\t\t\t\t<\/div>\n\t\t\t\t<div class=\"elementor-element elementor-element-57dcd21 elementor-widget__width-initial elementor-widget elementor-widget-text-editor\" data-id=\"57dcd21\" data-element_type=\"widget\" data-e-type=\"widget\" data-widget_type=\"text-editor.default\">\n\t\t\t\t\t\t\t\t\t<p>Nuestro clientes principales est\u00e1n en las industrias m\u00e1s diversas que requieren automatizaci\u00f3n industrial y equipos de instrumentaci\u00f3n en M\u00e9xico, como empresas automotrices, de <em>food and beverage<\/em>, electr\u00f3nica y mecatr\u00f3nica, aviaci\u00f3n, viveros y m\u00e1s.<\/p>\t\t\t\t\t\t\t\t<\/div>\n\t\t\t\t<div class=\"elementor-element elementor-element-95cc256 elementor-widget elementor-widget-ucaddon_logo_grid\" data-id=\"95cc256\" data-element_type=\"widget\" data-e-type=\"widget\" data-widget_type=\"ucaddon_logo_grid.default\">\n\t\t\t\t<div class=\"elementor-widget-container\">\n\t\t\t\t\t\n<!-- start Logo Grid -->\n<style>\/* widget: Logo Grid *\/\n\n#uc_logo_grid_elementor_95cc256 {\n  display: grid;\n}\n#uc_logo_grid_elementor_95cc256 .ue-logo-title\n{\n  width:100%;\n  position:absolute;\n  bottom:0;\n  text-align:center;\n  left:0;\n}\n\n#uc_logo_grid_elementor_95cc256 div.logo-grid-item\n{\ntext-align:center;\ndisplay:flex;\nflex-direction:column;\njustify-content:center;\nalign-items:center;\noverflow:hidden;\n  position:relative;\n  transition:0.3s;\n\n}\n\n#uc_logo_grid_elementor_95cc256 div.logo-grid-item img\n{\nwidth:100%;\n  object-fit: contain;\n  display:block;\n  mix-blend-mode: normal;\n  position:absolute;\n  top:0;\n  left:0;\n  right:0;\n  bottom:0;\n  height:100%;\n  transition:0.3s;\n}\n\n\n\n#uc_logo_grid_elementor_95cc256 a\n{\n  display:block;\n  position:absolute;\n  top:0;\n  left:0;\n  right:0;\n  bottom:0;\n  cursor:pointer;\n  display:flex;\njustify-content:center;\nalign-items:center;\n}\n\n<\/style>\n\n<div id=\"uc_logo_grid_elementor_95cc256\" class=\"ue-logo-grid uc-items-wrapper\" >\n\t\t   <div class=\"logo-grid-item\" >\n   \n\t<a href=\"https:\/\/www.youtube.com\/watch?v=Go1YE3O23J4\" > \n\t\n  \n    <img fetchpriority=\"high\" decoding=\"async\" src=\"https:\/\/ferruzca.amarilio.net\/wp-content\/uploads\/2026\/02\/LOGO-3.webp\" title=\"\"  alt=\"LOGO-3\" width=\"500\" height=\"500\">\n      \t\n      \n  <\/a>\n  \t\n<\/div>\n<div class=\"logo-grid-item\" >\n   \n\t<a href=\"#\" > \n\t\n  \n    <img decoding=\"async\" src=\"https:\/\/ferruzca.amarilio.net\/wp-content\/uploads\/2026\/02\/LOGO-2.webp\" title=\"\"  alt=\"LOGO-2\" width=\"500\" height=\"500\">\n      \t\n      \n  <\/a>\n  \t\n<\/div>\n<div class=\"logo-grid-item\" >\n   \n\t<a href=\"#\" > \n\t\n  \n    <img decoding=\"async\" src=\"https:\/\/ferruzca.amarilio.net\/wp-content\/uploads\/2026\/02\/LOGO-1.webp\" title=\"\"  alt=\"LOGO-1\" width=\"500\" height=\"500\">\n      \t\n      \n  <\/a>\n  \t\n<\/div>\n<div class=\"logo-grid-item\" >\n   \n\t<a href=\"#\" > \n\t\n  \n    <img loading=\"lazy\" decoding=\"async\" src=\"https:\/\/ferruzca.amarilio.net\/wp-content\/uploads\/2026\/02\/LOGO-4.webp\" title=\"\"  alt=\"LOGO-4\" width=\"500\" height=\"500\">\n      \t\n      \n  <\/a>\n  \t\n<\/div>\n<div class=\"logo-grid-item\" >\n   \n\t<a href=\"#\" > \n\t\n  \n    <img loading=\"lazy\" decoding=\"async\" src=\"https:\/\/ferruzca.amarilio.net\/wp-content\/uploads\/2026\/02\/LOGO-5.webp\" title=\"\"  alt=\"LOGO-5\" width=\"500\" height=\"500\">\n      \t\n      \n  <\/a>\n  \t\n<\/div>\n<div class=\"logo-grid-item\" >\n   \n\t<a href=\"#\" > \n\t\n  \n    <img loading=\"lazy\" decoding=\"async\" src=\"https:\/\/ferruzca.amarilio.net\/wp-content\/uploads\/2026\/02\/LOGO-6.webp\" title=\"\"  alt=\"LOGO-6\" width=\"500\" height=\"500\">\n      \t\n      \n  <\/a>\n  \t\n<\/div>\n\n    <\/div>\n<!-- end Logo Grid -->\t\t\t\t<\/div>\n\t\t\t\t<\/div>\n\t\t\t\t<\/div>\n\t\t\t\t\t<\/div>\n\t\t\t\t<\/div>\n\t\t<div class=\"elementor-element elementor-element-3d8c6cc e-flex e-con-boxed e-con e-parent\" data-id=\"3d8c6cc\" data-element_type=\"container\" data-e-type=\"container\" data-settings=\"{&quot;background_background&quot;:&quot;classic&quot;}\">\n\t\t\t\t\t<div class=\"e-con-inner\">\n\t\t<div class=\"elementor-element elementor-element-9f4f0c1 e-con-full e-flex e-con e-child\" data-id=\"9f4f0c1\" data-element_type=\"container\" data-e-type=\"container\">\n\t\t\t\t<div class=\"elementor-element elementor-element-1d77bc7 elementor-widget elementor-widget-heading\" data-id=\"1d77bc7\" data-element_type=\"widget\" data-e-type=\"widget\" data-widget_type=\"heading.default\">\n\t\t\t\t\t<h2 class=\"elementor-heading-title elementor-size-default\">Estudio de calidad de energ\u00eda<\/h2>\t\t\t\t<\/div>\n\t\t\t\t<div class=\"elementor-element elementor-element-e59ca17 elementor-widget__width-initial elementor-widget elementor-widget-text-editor\" data-id=\"e59ca17\" data-element_type=\"widget\" data-e-type=\"widget\" data-widget_type=\"text-editor.default\">\n\t\t\t\t\t\t\t\t\t<p>En palabras sencillas, el estudio de calidad de energ\u00eda es el chequeo de salud de la electricidad que llega a una planta, edificio o industria y en Instrumentaci\u00f3n<\/p>\t\t\t\t\t\t\t\t<\/div>\n\t\t\t\t<div class=\"elementor-element elementor-element-3d6a3d6 elementor-widget elementor-widget-ucaddon_unlimited_grid\" data-id=\"3d6a3d6\" data-element_type=\"widget\" data-e-type=\"widget\" data-widget_type=\"ucaddon_unlimited_grid.default\">\n\t\t\t\t<div class=\"elementor-widget-container\">\n\t\t\t\t\t\n<!-- start Unlimited Grid -->\n\t\t<link id='font-awesome-css' href='https:\/\/ferruzca.amarilio.net\/wp-content\/plugins\/unlimited-elements-for-elementor-premium\/assets_libraries\/font-awesome6\/fontawesome-all.min.css' type='text\/css' rel='stylesheet' >\n\t\t<link id='font-awesome-4-shim-css' href='https:\/\/ferruzca.amarilio.net\/wp-content\/plugins\/unlimited-elements-for-elementor-premium\/assets_libraries\/font-awesome6\/fontawesome-v4-shims.min.css' type='text\/css' rel='stylesheet' >\n\t\t<link id='fancybox-css' href='https:\/\/ferruzca.amarilio.net\/wp-content\/plugins\/unlimited-elements-for-elementor-premium\/assets_libraries\/fancybox3\/jquery.fancybox.min.css' type='text\/css' rel='stylesheet' >\n\n<style>\/* widget: Unlimited Grid *\/\n\n\n\n#uc_unlimited_grid_elementor_3d6a3d6\n{\n  display:grid;\n  grid-auto-rows: 1fr;\n}\n\n.ue-btn\n{\n  text-decoration:none;\n  text-align:center;\n  transition:0.3s;\n}\n\n#uc_unlimited_grid_elementor_3d6a3d6 .ue-overlay-link\n{\n  display:block;\n  position:absolute;\n  top:0px;\n  bottom:0px;\n  right:0px;\n  left:0px;\n}\n\n#uc_unlimited_grid_elementor_3d6a3d6 .ue-item\n{\n  position:relative;\n  display:flex;\n  overflow:hidden;\n  background-size:cover;\n}\n\n#uc_unlimited_grid_elementor_3d6a3d6 .ue-item-overlay\n{\n  position:absolute;\n  top:0;\n  right:0;\n  left:0;\n  bottom:0;\n  transition:0.3s;\n}\n\n#uc_unlimited_grid_elementor_3d6a3d6 .ue-item-bg\n{\n  position:absolute;\n  top:0;\n  right:0;\n  left:0;\n  bottom:0;\n  transition:0.3s;\n  background-size:cover;\n}\n\n\n\t#uc_unlimited_grid_elementor_3d6a3d6 .ue-item:hover .ue-item-bg\n      {\n        transform:scale(1.1);\n      }\n\t\n\n\n\n\n\n\n#uc_unlimited_grid_elementor_3d6a3d6 .ue-graphic-element\n{\n  display:inline-flex;\n  align-items:center;\n  justify-content:center;\n  line-height:1em;\n  overflow:hidden;\n}\n\n#uc_unlimited_grid_elementor_3d6a3d6 .ue-graphic-element svg\n{\n  height:1em;\n  width:1em;\n}\n\n#uc_unlimited_grid_elementor_3d6a3d6 .ue-graphic-element img\n{\n  display:block;\n}\n\n\t\n\n.ue-item-title\n{\n  font-size:21px;\n}\n\n#uc_unlimited_grid_elementor_3d6a3d6 .ue-item-content\n{\n  position:relative;\n  width:100%;\n}\n\n\n\n\t@media only screen and (max-width: 767px) {\n      \n      \n      #uc_unlimited_grid_elementor_3d6a3d6  {\n          grid-template-columns: repeat(1, 1fr);\n        }\n      \n      #uc_unlimited_grid_elementor_3d6a3d6 .ue-item\n      {\n        grid-column: span 1;\n        grid-row: span 1;\n      }\n      \n      \n      }\n\t\n\n\n\n\n\n\n\n\n\n\n\n\n\n\n\n\n\n  #uc_unlimited_grid_elementor_3d6a3d6 #uc_unlimited_grid_elementor_3d6a3d6_item1 .ue-item-bg\n  {\n    background-image:url(https:\/\/ferruzca.amarilio.net\/wp-content\/uploads\/2026\/03\/part-hero-bg-scaled-1-768x512.jpg);\n  }\n\n\n\n\n\n\n  #uc_unlimited_grid_elementor_3d6a3d6 #uc_unlimited_grid_elementor_3d6a3d6_item3 .ue-item-bg\n  {\n    background-image:url(https:\/\/ferruzca.amarilio.net\/wp-content\/uploads\/2026\/03\/bg-section-potenciando-2-768x512.jpg);\n  }\n\n\n\n\n\n\n  #uc_unlimited_grid_elementor_3d6a3d6 #uc_unlimited_grid_elementor_3d6a3d6_item5 .ue-item-bg\n  {\n    background-image:url(https:\/\/ferruzca.amarilio.net\/wp-content\/uploads\/2026\/03\/IMG-20230526-WA0023-768x576.jpg);\n  }\n\n\n\n\n\n\n\n\n<\/style>\n\n<div id=\"uc_unlimited_grid_elementor_3d6a3d6\" class=\"ue-unlimited-grid uc-items-wrapper\" >\n  <div id=\"uc_unlimited_grid_elementor_3d6a3d6_item1\" class=\"ue-item elementor-repeater-item-a1ee937\">\n  <div class=\"ue-item-bg\"><\/div>\n  <div class=\"ue-item-overlay\"><\/div>\n  \n    \n  \n    \n    \n  \n  \n  \n  \n<\/div>\n<div id=\"uc_unlimited_grid_elementor_3d6a3d6_item2\" class=\"ue-item elementor-repeater-item-8e66e54\">\n  <div class=\"ue-item-bg\"><\/div>\n  <div class=\"ue-item-overlay\"><\/div>\n  \n    <div class=\"ue-item-content None\">\n            <div class=\"ue-graphic-element\" href=\"https:\/\/ferruzca.amarilio.net\/wp-content\/uploads\/2025\/10\/logotipo-oficial.png\"><span class=\"ue-ge-icon\"><img decoding=\"async\" src=\"https:\/\/ferruzca.amarilio.net\/wp-content\/uploads\/2025\/10\/logotipo-oficial.png\"><\/span><\/div>          <div class=\"ue-item-title\">Este an\u00e1lisis t\u00e9cnico<\/div>\n    <div class=\"ue-item-text\"><p>Eval\u00faa c\u00f3mo se est\u00e1 suministrando y utilizando la energ\u00eda el\u00e9ctrica en una instalaci\u00f3n y tiene como objetivo detectar problemas que afectan el desempe\u00f1o de los equipos, la eficiencia energ\u00e9tica y la seguridad del sistema el\u00e9ctrico.<\/p><\/div>\n      <\/div>\n    \n  \n    \n    \n  \n  \n  \n  \n<\/div>\n<div id=\"uc_unlimited_grid_elementor_3d6a3d6_item3\" class=\"ue-item elementor-repeater-item-918c907\">\n  <div class=\"ue-item-bg\"><\/div>\n  <div class=\"ue-item-overlay\"><\/div>\n  \n    \n  \n    \n    \n  \n  \n  \n  \n<\/div>\n<div id=\"uc_unlimited_grid_elementor_3d6a3d6_item4\" class=\"ue-item elementor-repeater-item-7d3f354\">\n  <div class=\"ue-item-bg\"><\/div>\n  <div class=\"ue-item-overlay\"><\/div>\n  \n    <div class=\"ue-item-content None\">\n            <div class=\"ue-graphic-element\" href=\"https:\/\/ferruzca.amarilio.net\/wp-content\/uploads\/2025\/10\/logotipo-oficial.png\"><span class=\"ue-ge-icon\"><img decoding=\"async\" src=\"https:\/\/ferruzca.amarilio.net\/wp-content\/uploads\/2025\/10\/logotipo-oficial.png\"><\/span><\/div>          <div class=\"ue-item-title\">En Control Industrial Ferruzca<\/div>\n    <div class=\"ue-item-text\"><p>Nos especializamos en este tipo de an\u00e1lisis energ\u00e9tico: recopilamos la informaci\u00f3n sobre tu empresa y evaluamos si nuestro personal de soporte t\u00e9cnico requiere ir a tus instalaciones para completar la cotizaci\u00f3n inicial y poner manos a la obra.<\/p><\/div>\n      <\/div>\n    \n  \n    \n    \n  \n  \n  \n  \n<\/div>\n<div id=\"uc_unlimited_grid_elementor_3d6a3d6_item5\" class=\"ue-item elementor-repeater-item-a7fbb18\">\n  <div class=\"ue-item-bg\"><\/div>\n  <div class=\"ue-item-overlay\"><\/div>\n  \n    \n  \n    \n    \n  \n  \n  \n  \n<\/div>\n<div id=\"uc_unlimited_grid_elementor_3d6a3d6_item6\" class=\"ue-item elementor-repeater-item-a95ab76\">\n  <div class=\"ue-item-bg\"><\/div>\n  <div class=\"ue-item-overlay\"><\/div>\n  \n    <div class=\"ue-item-content None\">\n            <div class=\"ue-graphic-element\" href=\"https:\/\/ferruzca.amarilio.net\/wp-content\/uploads\/2025\/10\/logotipo-oficial.png\"><span class=\"ue-ge-icon\"><img decoding=\"async\" src=\"https:\/\/ferruzca.amarilio.net\/wp-content\/uploads\/2025\/10\/logotipo-oficial.png\"><\/span><\/div>          <div class=\"ue-item-title\">Nuestros tiempos de entrega<\/div>\n    <div class=\"ue-item-text\"><p>Dependen del tipo de proyecto: pueden ir desde dos a cuatro semanas o m\u00e1s si el proyecto es m\u00e1s complejo.<\/p><\/div>\n      <\/div>\n    \n  \n    \n    \n  \n  \n  \n  \n<\/div>\n\n<\/div>\n<!-- end Unlimited Grid -->\t\t\t\t<\/div>\n\t\t\t\t<\/div>\n\t\t\t\t<\/div>\n\t\t\t\t\t<\/div>\n\t\t\t\t<\/div>\n\t\t<div class=\"elementor-element elementor-element-af5a392 e-flex e-con-boxed e-con e-parent\" data-id=\"af5a392\" data-element_type=\"container\" data-e-type=\"container\">\n\t\t\t\t\t<div class=\"e-con-inner\">\n\t\t<div class=\"elementor-element elementor-element-52a5730 e-con-full e-flex e-con e-child\" data-id=\"52a5730\" data-element_type=\"container\" data-e-type=\"container\">\n\t\t\t\t<div class=\"elementor-element elementor-element-ce51f9f elementor-widget elementor-widget-heading\" data-id=\"ce51f9f\" data-element_type=\"widget\" data-e-type=\"widget\" data-widget_type=\"heading.default\">\n\t\t\t\t\t<h2 class=\"elementor-heading-title elementor-size-default\">Marcas con las que trabajamos<\/h2>\t\t\t\t<\/div>\n\t\t\t\t<div class=\"elementor-element elementor-element-ce0c60a elementor-widget elementor-widget-text-editor\" data-id=\"ce0c60a\" data-element_type=\"widget\" data-e-type=\"widget\" data-widget_type=\"text-editor.default\">\n\t\t\t\t\t\t\t\t\t<p style=\"text-align: left;\">Somos proveedores de instrumentaci\u00f3n industrial y nuestro cat\u00e1logo incluye m\u00e1s de dos mil productos de las siguientes marcas de prestigio:<\/p><p style=\"text-align: left;\">Todas ellas se complementan para darte las soluciones de instrumentaci\u00f3n y control industrial que necesitas: te ofrecemos desde una l\u00e1mpara hasta un centro de carga.\u00a0<\/p><p style=\"text-align: left;\">En Instrumentaci\u00f3n y Control Industrial Ferruzca adem\u00e1s de productos y refacciones, te ofrecemos los equipos completos y sus complementos: queremos que todo lo que necesitas para tu empresa, lo encuentres con nosotros.<\/p>\t\t\t\t\t\t\t\t<\/div>\n\t\t\t\t<\/div>\n\t\t<div class=\"elementor-element elementor-element-d3d0b1e e-con-full e-flex e-con e-child\" data-id=\"d3d0b1e\" data-element_type=\"container\" data-e-type=\"container\">\n\t\t\t\t<div class=\"elementor-element elementor-element-d91a53c elementor-widget elementor-widget-ucaddon_logo_grid\" data-id=\"d91a53c\" data-element_type=\"widget\" data-e-type=\"widget\" data-widget_type=\"ucaddon_logo_grid.default\">\n\t\t\t\t<div class=\"elementor-widget-container\">\n\t\t\t\t\t\n<!-- start Logo Grid -->\n<style>\/* widget: Logo Grid *\/\n\n#uc_logo_grid_elementor_d91a53c {\n  display: grid;\n}\n#uc_logo_grid_elementor_d91a53c .ue-logo-title\n{\n  width:100%;\n  position:absolute;\n  bottom:0;\n  text-align:center;\n  left:0;\n}\n\n#uc_logo_grid_elementor_d91a53c div.logo-grid-item\n{\ntext-align:center;\ndisplay:flex;\nflex-direction:column;\njustify-content:center;\nalign-items:center;\noverflow:hidden;\n  position:relative;\n  transition:0.3s;\n\n}\n\n#uc_logo_grid_elementor_d91a53c div.logo-grid-item img\n{\nwidth:100%;\n  object-fit: contain;\n  display:block;\n  mix-blend-mode: normal;\n  position:absolute;\n  top:0;\n  left:0;\n  right:0;\n  bottom:0;\n  height:100%;\n  transition:0.3s;\n}\n\n\n\n#uc_logo_grid_elementor_d91a53c a\n{\n  display:block;\n  position:absolute;\n  top:0;\n  left:0;\n  right:0;\n  bottom:0;\n  cursor:pointer;\n  display:flex;\njustify-content:center;\nalign-items:center;\n}\n\n<\/style>\n\n<div id=\"uc_logo_grid_elementor_d91a53c\" class=\"ue-logo-grid uc-items-wrapper\" >\n\t\t   <div class=\"logo-grid-item\" >\n   \n\t<a href=\"#\" > \n\t\n  \n    <img loading=\"lazy\" decoding=\"async\" src=\"https:\/\/ferruzca.amarilio.net\/wp-content\/uploads\/2026\/03\/logo_finder.png\" title=\"\"  alt=\"logo_finder\" width=\"300\" height=\"300\">\n      \t\n      \n  <\/a>\n  \t\n<\/div>\n<div class=\"logo-grid-item\" >\n   \n\t<a href=\"#\" > \n\t\n  \n    <img loading=\"lazy\" decoding=\"async\" src=\"https:\/\/ferruzca.amarilio.net\/wp-content\/uploads\/2026\/03\/logo_pepperl.png\" title=\"\"  alt=\"logo_pepperl\" width=\"300\" height=\"300\">\n      \t\n      \n  <\/a>\n  \t\n<\/div>\n<div class=\"logo-grid-item\" >\n   \n\t<a href=\"#\" > \n\t\n  \n    <img loading=\"lazy\" decoding=\"async\" src=\"https:\/\/ferruzca.amarilio.net\/wp-content\/uploads\/2026\/03\/logo_thomas_betts.png\" title=\"\"  alt=\"logo_thomas_betts\" width=\"300\" height=\"300\">\n      \t\n      \n  <\/a>\n  \t\n<\/div>\n<div class=\"logo-grid-item\" >\n   \n\t<a href=\"#\" > \n\t\n  \n    <img loading=\"lazy\" decoding=\"async\" src=\"https:\/\/ferruzca.amarilio.net\/wp-content\/uploads\/2026\/03\/logo_helukabel.png\" title=\"\"  alt=\"logo_helukabel\" width=\"300\" height=\"300\">\n      \t\n      \n  <\/a>\n  \t\n<\/div>\n<div class=\"logo-grid-item\" >\n   \n\t<a href=\"#\" > \n\t\n  \n    <img loading=\"lazy\" decoding=\"async\" src=\"https:\/\/ferruzca.amarilio.net\/wp-content\/uploads\/2026\/03\/logo_mersen.png\" title=\"\"  alt=\"logo_mersen\" width=\"300\" height=\"300\">\n      \t\n      \n  <\/a>\n  \t\n<\/div>\n<div class=\"logo-grid-item\" >\n   \n\t<a href=\"#\" > \n\t\n  \n    <img loading=\"lazy\" decoding=\"async\" src=\"https:\/\/ferruzca.amarilio.net\/wp-content\/uploads\/2026\/03\/logo_ferraz.png\" title=\"\"  alt=\"logo_ferraz\" width=\"300\" height=\"300\">\n      \t\n      \n  <\/a>\n  \t\n<\/div>\n\n    <\/div>\n<!-- end Logo Grid -->\t\t\t\t<\/div>\n\t\t\t\t<\/div>\n\t\t\t\t<\/div>\n\t\t\t\t\t<\/div>\n\t\t\t\t<\/div>\n\t\t<div class=\"elementor-element elementor-element-0fb64ca e-flex e-con-boxed e-con e-parent\" data-id=\"0fb64ca\" data-element_type=\"container\" data-e-type=\"container\" data-settings=\"{&quot;background_background&quot;:&quot;classic&quot;}\">\n\t\t\t\t\t<div class=\"e-con-inner\">\n\t\t\t\t<div class=\"elementor-element elementor-element-fe09890 elementor-view-default elementor-position-block-start elementor-mobile-position-block-start elementor-widget elementor-widget-icon-box\" data-id=\"fe09890\" data-element_type=\"widget\" data-e-type=\"widget\" data-widget_type=\"icon-box.default\">\n\t\t\t\t\t\t\t<div class=\"elementor-icon-box-wrapper\">\n\n\t\t\t\t\t\t<div class=\"elementor-icon-box-icon\">\n\t\t\t\t<a href=\"https:\/\/w.app\/2q9dra\" class=\"elementor-icon\" tabindex=\"-1\" aria-label=\"Te atendemos en toda la Rep\u00fablica Mexicana:\">\n\t\t\t\t<i aria-hidden=\"true\" class=\"onsus-icon-what-app\"><\/i>\t\t\t\t<\/a>\n\t\t\t<\/div>\n\t\t\t\n\t\t\t\t\t\t<div class=\"elementor-icon-box-content\">\n\n\t\t\t\t\t\t\t\t\t<h3 class=\"elementor-icon-box-title\">\n\t\t\t\t\t\t<a href=\"https:\/\/w.app\/2q9dra\" >\n\t\t\t\t\t\t\tTe atendemos en toda la Rep\u00fablica Mexicana:\t\t\t\t\t\t<\/a>\n\t\t\t\t\t<\/h3>\n\t\t\t\t\n\t\t\t\t\t\t\t\t\t<p class=\"elementor-icon-box-description\">\n\t\t\t\t\t\tSolicita un estudio de calidad de energ\u00eda ahora mismo.\t\t\t\t\t<\/p>\n\t\t\t\t\n\t\t\t<\/div>\n\t\t\t\n\t\t<\/div>\n\t\t\t\t\t\t<\/div>\n\t\t\t\t\t<\/div>\n\t\t\t\t<\/div>\n\t\t\t\t<\/div>","protected":false},"excerpt":{"rendered":"<p>Soluciones de instrumentaci\u00f3n y control industrial en M\u00e9xico M\u00e1s que venderte productos, en Instrumentaci\u00f3n y [&hellip;]<\/p>\n","protected":false},"author":2,"featured_media":0,"parent":0,"menu_order":0,"comment_status":"closed","ping_status":"closed","template":"elementor_header_footer","meta":{"footnotes":""},"class_list":["post-12894","page","type-page","status-publish","hentry"],"_links":{"self":[{"href":"https:\/\/ferruzca.amarilio.net\/en\/wp-json\/wp\/v2\/pages\/12894","targetHints":{"allow":["GET"]}}],"collection":[{"href":"https:\/\/ferruzca.amarilio.net\/en\/wp-json\/wp\/v2\/pages"}],"about":[{"href":"https:\/\/ferruzca.amarilio.net\/en\/wp-json\/wp\/v2\/types\/page"}],"author":[{"embeddable":true,"href":"https:\/\/ferruzca.amarilio.net\/en\/wp-json\/wp\/v2\/users\/2"}],"replies":[{"embeddable":true,"href":"https:\/\/ferruzca.amarilio.net\/en\/wp-json\/wp\/v2\/comments?post=12894"}],"version-history":[{"count":115,"href":"https:\/\/ferruzca.amarilio.net\/en\/wp-json\/wp\/v2\/pages\/12894\/revisions"}],"predecessor-version":[{"id":14671,"href":"https:\/\/ferruzca.amarilio.net\/en\/wp-json\/wp\/v2\/pages\/12894\/revisions\/14671"}],"wp:attachment":[{"href":"https:\/\/ferruzca.amarilio.net\/en\/wp-json\/wp\/v2\/media?parent=12894"}],"curies":[{"name":"wp","href":"https:\/\/api.w.org\/{rel}","templated":true}]}}